{"id":1301,"date":"2024-07-09T19:30:22","date_gmt":"2024-07-09T17:30:22","guid":{"rendered":"https:\/\/www.hotel-apollon-montparnasse.paris\/mentions-legales\/"},"modified":"2024-08-06T11:55:21","modified_gmt":"2024-08-06T09:55:21","slug":"informaciones-legales","status":"publish","type":"page","link":"https:\/\/www.hotel-apollon-montparnasse.paris\/es\/informaciones-legales\/","title":{"rendered":"Informaci\u00f3nes legales"},"content":{"rendered":"[vc_row bg_gradient_direction=\u00bb0&#8243; thb_divider_position=\u00bbbottom\u00bb css=\u00bb.vc_custom_1716968185318{background: #000000 url(https:\/\/www.hotel-apollon-montparnasse.paris\/wp-content\/uploads\/2024\/05\/apo-2.jpg?id=628) !important;background-position: center !important;background-repeat: no-repeat !important;background-size: cover !important;}\u00bb el_class=\u00bbsection_top\u00bb bg_gradient1=\u00bbrgba(10,10,10,0.01)\u00bb bg_gradient2=\u00bbrgba(0,0,0,0.38)\u00bb][vc_column][vc_row_inner][vc_column_inner][vc_column_text el_class=\u00bblight titrepage\u00bb]\n<h1 style=\"text-align: center;\">INFORMACI\u00d3NES LEGALES<\/h1>\n[\/vc_column_text][\/vc_column_inner][\/vc_row_inner][vc_row_inner][vc_column_inner width=\u00bb1\/6&#8243;][\/vc_column_inner][vc_column_inner width=\u00bb2\/3&#8243;][vc_column_text el_class=\u00bbcta ctagrand\u00bb]\n<p style=\"text-align: center;\"><a href=\"#booking\"><i class=\"fa fa-chevron-right animated faa-horizontal \" style=\"color: #fff!important;\" aria-hidden=\"true\"><\/i> Reserva al mejor precio<\/a><\/p>\n[\/vc_column_text][\/vc_column_inner][vc_column_inner width=\u00bb1\/6&#8243;][\/vc_column_inner][\/vc_row_inner][\/vc_column][\/vc_row][vc_row thb_divider_position=\u00bbbottom\u00bb css=\u00bb.vc_custom_1702120737934{background-color: #fcfcfc !important;}\u00bb][vc_column offset=\u00bbvc_col-lg-offset-1 vc_col-lg-10&#8243;][vc_row_inner][vc_column_inner el_class=\u00bbbloc\u00bb width=\u00bb1\/3&#8243;][vc_column_text]\n<h2>Responsable \u00e9ditorial<\/h2>\n<p>H\u00f4tel Apollon Montparnasse<br \/>\n91, rue de l\u2019Ouest 75014 Paris<br \/>\nTel : +33 (0)1 43 95 62 00<br \/>\nFax : +33 (0)1 43 95 62 10<br \/>\n<a href=\"mailto:info@apollon-montparnasse.com\">info@apollon-montparnasse.com<\/a>[\/vc_column_text][\/vc_column_inner][vc_column_inner el_class=\u00bbbloc\u00bb width=\u00bb1\/3&#8243;][vc_column_text]\n<h2>Design et d\u00e9veloppement<\/h2>\n<p>Agence de strat\u00e9gie digitale QOMINO<\/p>\n<p><a title=\"Agence de strat\u00e9gie digitale Qomino\" href=\"https:\/\/qomino.com\">https:\/\/qomino.com<\/a><br \/>\nT\u00e9l : <a href=\"tel:+33954240419\">09 54 24 04 19<\/a>[\/vc_column_text][\/vc_column_inner][vc_column_inner el_class=\u00bbbloc\u00bb width=\u00bb1\/3&#8243;][vc_column_text]\n<h2>Informations l\u00e9gales<\/h2>\n<div>SARL Apollon Montparnasse au capital de 82 560 euros<\/div>\n<div>Siret 340 447 903 00014<\/div>\n<div>RCS Paris B 340 447 903<\/div>\n<div>TVA intracommunautaire FR 69 340 447 903<\/div>\n[\/vc_column_text][\/vc_column_inner][\/vc_row_inner][vc_row_inner][vc_column_inner el_class=\u00bbbloc\u00bb][vc_column_text]\n<h2>Loi informatique et libert\u00e9s<\/h2>\n<p>L&#8217;h\u00f4tel Apollon Montparnasse conserve de mani\u00e8re confidentielle les adresses e-mails re\u00e7ues via le Site, qui ne feront l\u2019objet d\u2019aucune cession \u00e0 des tiers. Aucun usage ne sera fait de ces adresses hormis, le cas \u00e9ch\u00e9ant, l\u2019envoi de communications de nature informative (r\u00e9ponse \u00e0 une demande de contact, invitation \u00e0 des conf\u00e9rences,\u2026).<\/p>\n<p>Conform\u00e9ment \u00e0 la Loi Informatique et libert\u00e9s du 6 janvier 1978 modifi\u00e9e par la loi du 6 ao\u00fbt 2004, tout utilisateur du Site dispose d\u2019un droit d\u2019acc\u00e8s, de modification, de rectification et de suppression des donn\u00e9es nominatives qui le concernent. Pour exercer ce droit, l\u2019utilisateur peut envoyer un e-mail \u00e0 : L&#8217;h\u00f4tel Apollon Montparnasse, sur <a href=\"mailto:info@apollon-montparnasse.com\">info@apollon-montparnasse.com<\/a>, en pr\u00e9cisant ses noms, pr\u00e9noms, et son adresse \u00e9lectronique.<\/p>\n<h2>Droits d&#8217;auteur<\/h2>\n<p>Le Site et son contenu (architecture, textes, photographies, illustrations, mise en page, \u2026) sont la propri\u00e9t\u00e9 de L&#8217;h\u00f4tel Apollon Montparnasse ou de ses partenaires.<\/p>\n<p>Tous les droits sont strictement r\u00e9serv\u00e9s. En cons\u00e9quence, conform\u00e9ment \u00e0 l\u2019article L.122-4 du code de la propri\u00e9t\u00e9 intellectuelle, toute repr\u00e9sentation, reproduction, traduction, adaptation ou modification non express\u00e9ment autoris\u00e9e, int\u00e9grale ou partielle, sur quelque support et par quelque proc\u00e9d\u00e9 que ce soit est formellement interdite et constituerait une contrefa\u00e7on sanctionn\u00e9e par les articles L.335-2 et suivants du code de la propri\u00e9t\u00e9 intellectuelle.<\/p>\n<h2>Liens hyper-textes<\/h2>\n<p>Les utilisateurs ne sont pas autoris\u00e9s \u00e0 cr\u00e9er un lien hypertexte vers le Site et\/ou une page quelconque du Site sans l\u2019accord pr\u00e9alable et expr\u00e8s de L&#8217;h\u00f4tel Apollon Montparnasse.<\/p>\n<h2>Cookies<\/h2>\n<p>En poursuivant votre navigation sur ce site, vous acceptez l\u2019utilisation de cookies destin\u00e9es \u00e0 permettre de r\u00e9colter des statistiques de visites (n\u2019incluant aucune donn\u00e9e de nature personnelle) et, le cas \u00e9ch\u00e9ant, d\u2019am\u00e9liorer la lisibilit\u00e9 du Site.<\/p>\n<h2>Responsabilit\u00e9s<\/h2>\n<p>L&#8217;h\u00f4tel Apollon Montparnasse, ses associ\u00e9s, dirigeants ou collaborateurs ne sauraient \u00eatre tenus responsables de l\u2019usage que les utilisateurs pourraient faire des informations contenues sur le Site ;<\/p>\n<p>L&#8217;h\u00f4tel Apollon Montparnasse s\u2019efforce de ne faire figurer sur le Site que des informations \u00e0 jour. Toutefois, L&#8217;h\u00f4tel Apollon Montparnasse d\u00e9cline toute responsabilit\u00e9 pour quelque dommage que ce soit se rapportant \u00e0 une connexion au pr\u00e9sent Site ou \u00e0 une information erron\u00e9e qui pourrait malencontreusement y figurer.<\/p>\n<h2>\u00c9DITEUR<\/h2>\n<p>Le site internet accessible, notamment, \u00e0 l\u2019adresse www.hotel-apollon-montparnasse.paris (ci-apr\u00e8s : le \u00ab Site \u00bb) est \u00e9dit\u00e9 par la soci\u00e9t\u00e9 SARL Apollon Montparnasse de 82 560 euros, soci\u00e9t\u00e9 de droit fran\u00e7aise, immatricul\u00e9e au Registre du Commerce et des Soci\u00e9t\u00e9s de Paris sous le num\u00e9ro 340 447 903 et dont le si\u00e8ge social est 91 Rue de L\u2019Ouest 75014 Paris ; num\u00e9ro de t\u00e9l\u00e9phone +33 1 43 95 62 00 (ci-apr\u00e8s d\u00e9nomm\u00e9e \u00ab HOTEL APOLLON MONTPARNASSE *** \u00bb).<br \/>\nL\u2019acc\u00e8s au Site ainsi que l\u2019utilisation de son contenu s\u2019effectuent dans le cadre des mentions d\u2019utilisation d\u00e9crites ci-apr\u00e8s. Le fait d\u2019acc\u00e9der et de naviguer sur le site constitue de la part de l\u2019internaute une acceptation sans r\u00e9serve des pr\u00e9cisions suivantes : Le Site est h\u00e9berg\u00e9 par la soci\u00e9t\u00e9 QOMINO S.A.S; num\u00e9ro de t\u00e9l\u00e9phone : +33 (0)9 54 24 04 19.<br \/>\nSite officiel : www.qomino.com<\/p>\n<p><strong>PROPRI\u00c9T\u00c9 INTELLECTUELLE<\/strong><\/p>\n<p>Le Site dans son ensemble, ainsi que chacun des \u00e9l\u00e9ments qui le composent (notamment, textes, sch\u00e9mas, arborescences, logiciels, animations, images, photographies, illustrations, vid\u00e9os, repr\u00e9sentations graphiques ou \u00e9ditoriales, logos, etc.) constituent des \u0153uvres de l\u2019esprit prot\u00e9g\u00e9s par le Code de la propri\u00e9t\u00e9 intellectuelle ainsi que par toute autre l\u00e9gislation internationale applicable.<br \/>\nHOTEL APOLLON MONTPARNASSE est seule habilit\u00e9e (directement ou par l\u2019effet de licences ou autorisations) \u00e0 utiliser les \u00e9l\u00e9ments composant le Site, les noms de domaine, les marques, mod\u00e8les, etc. ainsi que les images et contenus \u00e9ditoriaux qui y sont reproduits.<br \/>\nL\u2019usage de tout ou partie du Site, notamment par t\u00e9l\u00e9chargement, reproduction, transmission, repr\u00e9sentation ou diffusion \u00e0 d\u2019autres fins que la consultation et l\u2019utilisation du Site \u00e0 titre personnel et priv\u00e9 par l\u2019internaute dans un but non commercial est strictement interdit. La violation de ces dispositions expose son auteur aux sanctions pr\u00e9vues tant par le Code de la propri\u00e9t\u00e9 intellectuelle au titre notamment de la contrefa\u00e7on de droits d\u2019auteur, de droit de marques que par le Code civil en mati\u00e8re de responsabilit\u00e9 civile.<br \/>\nLa cr\u00e9ation de tout lien hypertexte renvoyant \u00e0 l\u2019une quelconque des pages web ou \u00e9l\u00e9ments composant le Site est interdite sauf autorisation \u00e9crite et pr\u00e9alable de HOTEL APOLLON MONTPARNASSE, laquelle autorisation pouvant \u00eatre r\u00e9voqu\u00e9e \u00e0 tout moment. Tout contenu, site internet ou autre ayant un lien hypertexte dirigeant vers le Site ou vers l\u2019un quelconque des \u00e9l\u00e9ments qui le composent ne sont pas sous le contr\u00f4le de HOTEL APOLLON MONTPARNASSE et celle-ci d\u00e9cline par cons\u00e9quent toute responsabilit\u00e9 (notamment, \u00e9ditoriale) concernant l\u2019acc\u00e8s \u00e0 ces sites et leur contenu.<br \/>\nPhotos: Phillipe MAILLER<\/p>\n<h2>DISPONIBILIT\u00c9 DU SITE<\/h2>\n<p>HOTEL APOLLON MONTPARNASSE s\u2019efforce, dans la mesure du possible, de maintenir accessible de mani\u00e8re permanente le Site, mais n\u2019est tenue \u00e0 aucune obligation d\u2019y parvenir. HOTEL APOLLON MONTPARNASSE peut donc interrompre l\u2019acc\u00e8s au Site, notamment pour des raisons de maintenance ou de mise \u00e0 jour, ou pour toutes autres raisons, notamment techniques ou \u00e9ditoriales et ce, sans pr\u00e9avis ni information pr\u00e9alable des internautes, sans que HOTEL APOLLON MONTPARNASSE ne puisse \u00eatre tenue pour responsable des cons\u00e9quences de ces interruptions aussi bien \u00e0 l\u2019\u00e9gard des internautes que de tout tiers.<br \/>\nPar ailleurs, HOTEL APOLLON MONTPARNASSE ne saurait \u00eatre tenue pour responsable si des internautes ne parvenaient pas \u00e0 acc\u00e9der \u00e0 tout ou partie du Site du fait de tout d\u00e9faut technique ou de tout probl\u00e8me notamment et non limitativement li\u00e9 \u00e0 :<br \/>\nUne d\u00e9faillance et\/ou un encombrement du r\u00e9seau Internet,<br \/>\nUne d\u00e9faillance des fournisseurs d\u2019acc\u00e8s Internet,<br \/>\nUne erreur humaine ou d\u2019origine \u00e9lectrique,<br \/>\nToute intervention malveillante,<br \/>\nTous dysfonctionnements de logiciel ou de mat\u00e9riel,<br \/>\nUn cas de force majeure<\/p>\n<h2>M\u00c9DIATEUR DE LA CONSOMMATION<\/h2>\n<h2>LITIGES<\/h2>\n<p>En cas de litige entre le professionnel et le consommateur, ceux-ci s\u2019efforceront de trouver une solution amiable.<br \/>\nA d\u00e9faut d\u2019accord amiable, le consommateur a la possibilit\u00e9 de saisir gratuitement le m\u00e9diateur de la consommation dont rel\u00e8ve le professionnel, \u00e0 savoir l\u2019Association des M\u00e9diateurs Europ\u00e9ens (AME CONSO), dans un d\u00e9lai d\u2019un an \u00e0 compter de la r\u00e9clamation \u00e9crite adress\u00e9e au professionnel.<br \/>\nLa saisine du m\u00e9diateur de la consommation devra s\u2019effectuer :<\/p>\n<p>&#8211; soit en compl\u00e9tant le formulaire pr\u00e9vu \u00e0 cet effet sur le site internet de l\u2019AME CONSO : www.mediationconso-ame.com<br \/>\n&#8211; soit par courrier adress\u00e9 \u00e0 l\u2019AME CONSO, 197 Boulevard Saint-Germain &#8211; 75007 PARIS.<\/p>\n<p><strong>LITIGES : Plateforme RLL: UE<\/strong><br \/>\nhttps:\/\/ec.europa.eu\/consumers\/odr\/main\/index.cfm?event=main.home2.show&#038;lng=FR<\/p>\n<p><strong>BLOCTEL<\/strong><br \/>\nPour ne plus recevoir des appels t\u00e9l\u00e9phoniques commerciaux non sollicit\u00e9s, vous pouvez vous inscrire sur la liste Bloctel.<\/p>\n<h2>RESPONSABILIT\u00c9<\/h2>\n<p>HOTEL APOLLON MONTPARNASSE s\u2019efforce d\u2019assurer au mieux de ses possibilit\u00e9s l\u2019exactitude et la mise \u00e0 jour des informations diffus\u00e9es sur le Site, dont elle se r\u00e9serve le droit de modifier, \u00e0 tout moment et sans pr\u00e9avis, le contenu.<br \/>\nToutefois, HOTEL APOLLON MONTPARNASSE ne peut garantir l\u2019exactitude, la pr\u00e9cision et l\u2019exhaustivit\u00e9 des informations mises \u00e0 disposition sur le Site, lesquelles informations ne constituent ni une garantie ni un engagement de la part de HOTEL APOLLON MONTPARNASSE \u00e0 l\u2019\u00e9gard de l\u2019internaute. En particulier, cette derni\u00e8re ne saurait \u00eatre tenue pour responsable :<br \/>\nDe toute impr\u00e9cision, inexactitude ou omission desdites informations ;de tout dommage \u00e9ventuel r\u00e9sultant d\u2019une intrusion informatique d\u2019un tiers ayant entra\u00een\u00e9 une modification desdites informations ;<br \/>\nEt, plus g\u00e9n\u00e9ralement, de tous dommages, directs ou indirects, qu\u2019elles qu\u2019en soient les causes, origines, natures et cons\u00e9quences, li\u00e9es \u00e0 l\u2019acc\u00e8s (ou \u00e0 l\u2019impossibilit\u00e9 d\u2019acc\u00e9der au Site), au contenu, \u00e0 l\u2019utilisation du Site et\/ou au cr\u00e9dit accord\u00e9 \u00e0 une quelconque information provenant de ce dernier<\/p>\n<h2>RETRACTATION<\/h2>\n<p>Conform\u00e9ment \u00e0 l&#8217;article L 221-28 du code de la consommation, vous ne b\u00e9n\u00e9ficiez pas du droit de r\u00e9tractation pour les prestations d&#8217;h\u00e9bergements.[\/vc_column_text][\/vc_column_inner][\/vc_row_inner][\/vc_column][\/vc_row]\n","protected":false},"excerpt":{"rendered":"<p>[vc_row bg_gradient_direction=\u00bb0&#8243; thb_divider_position=\u00bbbottom\u00bb css=\u00bb.vc_custom_1716968185318{background: #000000 url(https:\/\/www.hotel-apollon-montparnasse.paris\/wp-content\/uploads\/2024\/05\/apo-2.jpg?id=628) !important;background-position: center !important;background-repeat: no-repeat !important;background-size: cover !important;}\u00bb el_class=\u00bbsection_top\u00bb bg_gradient1=\u00bbrgba(10,10,10,0.01)\u00bb bg_gradient2=\u00bbrgba(0,0,0,0.38)\u00bb][vc_column][vc_row_inner][vc_column_inner][vc_column_text el_class=\u00bblight titrepage\u00bb] INFORMACI\u00d3NES LEGALES [\/vc_column_text][\/vc_column_inner][\/vc_row_inner][vc_row_inner][vc_column_inner width=\u00bb1\/6&#8243;][\/vc_column_inner][vc_column_inner width=\u00bb2\/3&#8243;][vc_column_text el_class=\u00bbcta ctagrand\u00bb]&hellip;<\/p>\n","protected":false},"author":1,"featured_media":0,"parent":0,"menu_order":0,"comment_status":"closed","ping_status":"closed","template":"page-default.php","meta":{"footnotes":""},"class_list":["post-1301","page","type-page","status-publish","hentry"],"_links":{"self":[{"href":"https:\/\/www.hotel-apollon-montparnasse.paris\/es\/wp-json\/wp\/v2\/pages\/1301","targetHints":{"allow":["GET"]}}],"collection":[{"href":"https:\/\/www.hotel-apollon-montparnasse.paris\/es\/wp-json\/wp\/v2\/pages"}],"about":[{"href":"https:\/\/www.hotel-apollon-montparnasse.paris\/es\/wp-json\/wp\/v2\/types\/page"}],"author":[{"embeddable":true,"href":"https:\/\/www.hotel-apollon-montparnasse.paris\/es\/wp-json\/wp\/v2\/users\/1"}],"replies":[{"embeddable":true,"href":"https:\/\/www.hotel-apollon-montparnasse.paris\/es\/wp-json\/wp\/v2\/comments?post=1301"}],"version-history":[{"count":3,"href":"https:\/\/www.hotel-apollon-montparnasse.paris\/es\/wp-json\/wp\/v2\/pages\/1301\/revisions"}],"predecessor-version":[{"id":1305,"href":"https:\/\/www.hotel-apollon-montparnasse.paris\/es\/wp-json\/wp\/v2\/pages\/1301\/revisions\/1305"}],"wp:attachment":[{"href":"https:\/\/www.hotel-apollon-montparnasse.paris\/es\/wp-json\/wp\/v2\/media?parent=1301"}],"curies":[{"name":"wp","href":"https:\/\/api.w.org\/{rel}","templated":true}]}}