{"id":1239,"date":"2024-05-29T09:35:56","date_gmt":"2024-05-29T07:35:56","guid":{"rendered":"https:\/\/www.hotel-apollon-montparnasse.paris\/hotel\/"},"modified":"2024-08-06T09:03:29","modified_gmt":"2024-08-06T07:03:29","slug":"hotel","status":"publish","type":"page","link":"https:\/\/www.hotel-apollon-montparnasse.paris\/es\/hotel\/","title":{"rendered":"El alma de la casa"},"content":{"rendered":"[vc_row bg_gradient_direction=\u00bb0&#8243; thb_divider_position=\u00bbbottom\u00bb css=\u00bb.vc_custom_1716968185318{background: #000000 url(https:\/\/www.hotel-apollon-montparnasse.paris\/wp-content\/uploads\/2024\/05\/apo-2.jpg?id=628) !important;background-position: center !important;background-repeat: no-repeat !important;background-size: cover !important;}\u00bb el_class=\u00bbsection_top\u00bb bg_gradient1=\u00bbrgba(10,10,10,0.01)\u00bb bg_gradient2=\u00bbrgba(0,0,0,0.38)\u00bb][vc_column][vc_row_inner][vc_column_inner][vc_column_text el_class=\u00bblight titrepage\u00bb]\n<h1 style=\"text-align: center;\">EL ALMA DE LA CASA<\/h1>\n[\/vc_column_text][\/vc_column_inner][\/vc_row_inner][vc_row_inner][vc_column_inner width=\u00bb1\/6&#8243;][\/vc_column_inner][vc_column_inner width=\u00bb2\/3&#8243;][vc_column_text el_class=\u00bbcta ctagrand\u00bb]\n<p style=\"text-align: center;\"><a href=\"#booking\"><i class=\"fa fa-chevron-right animated faa-horizontal \" style=\"color: #fff!important;\" aria-hidden=\"true\"><\/i> Reserva al mejor precio<\/a><\/p>\n[\/vc_column_text][\/vc_column_inner][vc_column_inner width=\u00bb1\/6&#8243;][\/vc_column_inner][\/vc_row_inner][\/vc_column][\/vc_row][vc_row bg_gradient_direction=\u00bb-45&#8243; thb_divider_position=\u00bbbottom\u00bb bg_gradient1=\u00bb#efe6dc\u00bb bg_gradient2=\u00bb#ffffff\u00bb][vc_column offset=\u00bbvc_col-lg-offset-1 vc_col-lg-10&#8243;][vc_row_inner thb_column_padding=\u00bbtrue\u00bb content_placement=\u00bbmiddle\u00bb css=\u00bb.vc_custom_1716968581029{margin-top: 70px !important;margin-bottom: 20px !important;}\u00bb][vc_column_inner width=\u00bb1\/2&#8243;][vc_column_text css=\u00bb.vc_custom_1716968783416{margin-bottom: 0px !important;}\u00bb]<img loading=\"lazy\" decoding=\"async\" class=\"size-full wp-image-635 alignnone lazyload\" src=\"data:image\/gif;base64,R0lGODlhAQABAAAAACH5BAEKAAEALAAAAAABAAEAAAICTAEAOw==\" data-src=\"https:\/\/www.hotel-apollon-montparnasse.paris\/wp-content\/uploads\/2024\/05\/apollon-2.png\" alt=\"\" width=\"1195\" height=\"919\" data-sizes=\"auto\" data-srcset=\"https:\/\/www.hotel-apollon-montparnasse.paris\/wp-content\/uploads\/2024\/05\/apollon-2.png 1195w, https:\/\/www.hotel-apollon-montparnasse.paris\/wp-content\/uploads\/2024\/05\/apollon-2-1024x787.png 1024w, https:\/\/www.hotel-apollon-montparnasse.paris\/wp-content\/uploads\/2024\/05\/apollon-2-768x591.png 768w, https:\/\/www.hotel-apollon-montparnasse.paris\/wp-content\/uploads\/2024\/05\/apollon-2-640x492.png 640w, https:\/\/www.hotel-apollon-montparnasse.paris\/wp-content\/uploads\/2024\/05\/apollon-2-320x246.png 320w, https:\/\/www.hotel-apollon-montparnasse.paris\/wp-content\/uploads\/2024\/05\/apollon-2-20x15.png 20w\" sizes=\"auto, (max-width: 1195px) 100vw, 1195px\" \/>[\/vc_column_text][\/vc_column_inner][vc_column_inner width=\u00bb1\/2&#8243;][vc_column_text css=\u00bb.vc_custom_1722927805115{margin-bottom: 40px !important;margin-left: -75px !important;padding-top: 30px !important;padding-right: 30px !important;padding-bottom: 30px !important;padding-left: 30px !important;background-color: #ffffff !important;}\u00bb]\n<h2>EL HOTEL APOLLON MONTPARNASSE<\/h2>\n<p>Ansiosos por ofrecer a nuestros clientes un lugar amigable, hemos seguido desde ese d\u00eda mejorando la calidad de nuestros servicios, para asegurarnos de que nuestros clientes sean bienvenidos para que se sientan bien con nosotros.<br \/>\nEl ambiente c\u00e1lido que nos esforzamos en transmitir con nuestro fiel equipo nos permite devolver a este antiguo edificio residencial el ambiente de una gran casa parisina en un barrio aut\u00e9ntico y art\u00edstico del distrito 14.<br \/>\n<strong>Nuestro \u00fanico deseo: satisfacerte.<\/strong>[\/vc_column_text][\/vc_column_inner][\/vc_row_inner][vc_row_inner thb_column_padding=\u00bbtrue\u00bb content_placement=\u00bbmiddle\u00bb css=\u00bb.vc_custom_1716965260320{margin-top: 70px !important;margin-bottom: 70px !important;}\u00bb][vc_column_inner width=\u00bb1\/2&#8243;][vc_column_text css=\u00bb.vc_custom_1722927773404{margin-right: -75px !important;margin-bottom: 40px !important;padding-top: 30px !important;padding-right: 30px !important;padding-bottom: 30px !important;padding-left: 30px !important;background-color: #ffffff !important;}\u00bb]\n<h2>NUESTRA VISI\u00d3N<\/h2>\n<p>Recibirlos en nuestra casa, hacerles descubrir esta magn\u00edfica ciudad y compartirles nuestros lugares favoritos, as\u00ed es nuestra visi\u00f3n de acogida!<br \/>\n[\/vc_column_text][\/vc_column_inner][vc_column_inner width=\u00bb1\/2&#8243;][vc_column_text css=\u00bb.vc_custom_1716968375628{margin-bottom: 0px !important;}\u00bb]<img loading=\"lazy\" decoding=\"async\" class=\"size-full wp-image-631 alignnone lazyload\" src=\"data:image\/gif;base64,R0lGODlhAQABAAAAACH5BAEKAAEALAAAAAABAAEAAAICTAEAOw==\" data-src=\"https:\/\/www.hotel-apollon-montparnasse.paris\/wp-content\/uploads\/2024\/05\/Untitled-211.jpg\" alt=\"\" width=\"700\" height=\"400\" data-sizes=\"auto\" data-srcset=\"https:\/\/www.hotel-apollon-montparnasse.paris\/wp-content\/uploads\/2024\/05\/Untitled-211.jpg 700w, https:\/\/www.hotel-apollon-montparnasse.paris\/wp-content\/uploads\/2024\/05\/Untitled-211-640x366.jpg 640w, https:\/\/www.hotel-apollon-montparnasse.paris\/wp-content\/uploads\/2024\/05\/Untitled-211-20x11.jpg 20w, https:\/\/www.hotel-apollon-montparnasse.paris\/wp-content\/uploads\/2024\/05\/Untitled-211-320x183.jpg 320w\" sizes=\"auto, (max-width: 700px) 100vw, 700px\" \/>[\/vc_column_text][\/vc_column_inner][\/vc_row_inner][vc_row_inner content_placement=\u00bbtop\u00bb css=\u00bb.vc_custom_1716966011843{margin-right: 0px !important;margin-bottom: 70px !important;margin-left: 0px !important;}\u00bb][vc_column_inner width=\u00bb3\/5&#8243; css=\u00bb.vc_custom_1716887821143{border-top-width: 3px !important;border-right-width: 3px !important;border-bottom-width: 3px !important;border-left-width: 3px !important;border-left-color: rgba(0,0,0,0.12) !important;border-left-style: solid !important;border-right-color: rgba(0,0,0,0.12) !important;border-right-style: solid !important;border-top-color: rgba(0,0,0,0.12) !important;border-top-style: solid !important;border-bottom-color: rgba(0,0,0,0.12) !important;border-bottom-style: solid !important;}\u00bb][vc_column_text css=\u00bb.vc_custom_1722927728810{margin-bottom: 0px !important;padding-top: 30px !important;padding-right: 30px !important;padding-bottom: 30px !important;padding-left: 30px !important;}\u00bb]\n<h3><i class=\"fa-solid fa-location-dot\"><\/i> Algunas buenas direcciones cercanas<\/h3>\n<p>La Tour Montparnasse et sa vue \u00e0 360\u00b0 de notre ville, l\u2019Eglise Notre Dame du Travail, le Petit Journal (club de jazz), rue de la Gait\u00e9 et ses th\u00e9\u00e2tres, l\u2019Entrep\u00f4t et son centre culturel, rue des Thermopiles, rue Raymond Losserand et ses petits commerces, Fondation Henri Cartier Bresson, Les Catacombes, Jardins Atlantis et le Mus\u00e9e Jean Moulin.[\/vc_column_text][\/vc_column_inner][vc_column_inner width=\u00bb2\/5&#8243; css=\u00bb.vc_custom_1716887851980{border-top-width: 3px !important;border-right-width: 3px !important;border-bottom-width: 3px !important;border-left-width: 3px !important;border-left-color: rgba(0,0,0,0.11) !important;border-left-style: solid !important;border-right-color: rgba(0,0,0,0.11) !important;border-right-style: solid !important;border-top-color: rgba(0,0,0,0.11) !important;border-top-style: solid !important;border-bottom-color: rgba(0,0,0,0.11) !important;border-bottom-style: solid !important;}\u00bb][vc_column_text css=\u00bb.vc_custom_1722927749294{margin-bottom: 0px !important;padding-top: 30px !important;padding-right: 30px !important;padding-bottom: 30px !important;padding-left: 30px !important;}\u00bb]\n<h3><i class=\"fa-solid fa-utensils fa-lg\"><\/i> Nuestros restaurantes preferidos :<\/h3>\n<p>La Cantine du Troquet, les Bistrotters, l\u2019Entrep\u00f4t, Au M\u00e9tro 14, les Tontons , les Frangines, l\u2019Assiette, Cob\u00e9a, La Cagouille, Il Gallo Nero, Aux Enfants g\u00e2t\u00e9s, Le cornichon, Josselin, Augustin, L\u2019essentiel.[\/vc_column_text][\/vc_column_inner][\/vc_row_inner][\/vc_column][\/vc_row]\n","protected":false},"excerpt":{"rendered":"<p>[vc_row bg_gradient_direction=\u00bb0&#8243; thb_divider_position=\u00bbbottom\u00bb css=\u00bb.vc_custom_1716968185318{background: #000000 url(https:\/\/www.hotel-apollon-montparnasse.paris\/wp-content\/uploads\/2024\/05\/apo-2.jpg?id=628) !important;background-position: center !important;background-repeat: no-repeat !important;background-size: cover !important;}\u00bb el_class=\u00bbsection_top\u00bb bg_gradient1=\u00bbrgba(10,10,10,0.01)\u00bb bg_gradient2=\u00bbrgba(0,0,0,0.38)\u00bb][vc_column][vc_row_inner][vc_column_inner][vc_column_text el_class=\u00bblight titrepage\u00bb] EL ALMA DE LA CASA [\/vc_column_text][\/vc_column_inner][\/vc_row_inner][vc_row_inner][vc_column_inner width=\u00bb1\/6&#8243;][\/vc_column_inner][vc_column_inner&hellip;<\/p>\n","protected":false},"author":1,"featured_media":0,"parent":0,"menu_order":0,"comment_status":"closed","ping_status":"closed","template":"page-default.php","meta":{"footnotes":""},"class_list":["post-1239","page","type-page","status-publish","hentry"],"_links":{"self":[{"href":"https:\/\/www.hotel-apollon-montparnasse.paris\/es\/wp-json\/wp\/v2\/pages\/1239","targetHints":{"allow":["GET"]}}],"collection":[{"href":"https:\/\/www.hotel-apollon-montparnasse.paris\/es\/wp-json\/wp\/v2\/pages"}],"about":[{"href":"https:\/\/www.hotel-apollon-montparnasse.paris\/es\/wp-json\/wp\/v2\/types\/page"}],"author":[{"embeddable":true,"href":"https:\/\/www.hotel-apollon-montparnasse.paris\/es\/wp-json\/wp\/v2\/users\/1"}],"replies":[{"embeddable":true,"href":"https:\/\/www.hotel-apollon-montparnasse.paris\/es\/wp-json\/wp\/v2\/comments?post=1239"}],"version-history":[{"count":3,"href":"https:\/\/www.hotel-apollon-montparnasse.paris\/es\/wp-json\/wp\/v2\/pages\/1239\/revisions"}],"predecessor-version":[{"id":1245,"href":"https:\/\/www.hotel-apollon-montparnasse.paris\/es\/wp-json\/wp\/v2\/pages\/1239\/revisions\/1245"}],"wp:attachment":[{"href":"https:\/\/www.hotel-apollon-montparnasse.paris\/es\/wp-json\/wp\/v2\/media?parent=1239"}],"curies":[{"name":"wp","href":"https:\/\/api.w.org\/{rel}","templated":true}]}}