{"id":1200,"date":"2024-05-29T12:35:13","date_gmt":"2024-05-29T10:35:13","guid":{"rendered":"https:\/\/www.hotel-apollon-montparnasse.paris\/photos\/"},"modified":"2024-10-15T18:58:55","modified_gmt":"2024-10-15T16:58:55","slug":"imagenes","status":"publish","type":"page","link":"https:\/\/www.hotel-apollon-montparnasse.paris\/es\/imagenes\/","title":{"rendered":"Im\u00e1genes"},"content":{"rendered":"[vc_row bg_gradient_direction=\u00bb0&#8243; thb_divider_position=\u00bbbottom\u00bb css=\u00bb.vc_custom_1716983182680{background: #000000 url(https:\/\/www.hotel-apollon-montparnasse.paris\/wp-content\/uploads\/2024\/05\/apo-5.jpg?id=693) !important;background-position: center !important;background-repeat: no-repeat !important;background-size: cover !important;}\u00bb el_class=\u00bbsection_top\u00bb bg_gradient1=\u00bbrgba(10,10,10,0.01)\u00bb bg_gradient2=\u00bbrgba(0,0,0,0.38)\u00bb][vc_column][vc_row_inner][vc_column_inner][vc_column_text el_class=\u00bblight titrepage\u00bb]\n<h1 style=\"text-align: center;\">EL HOTEL EN IM\u00c1GENES<\/h1>\n[\/vc_column_text][\/vc_column_inner][\/vc_row_inner][vc_row_inner][vc_column_inner width=\u00bb1\/6&#8243;][\/vc_column_inner][vc_column_inner width=\u00bb2\/3&#8243;][vc_column_text el_class=\u00bbcta ctagrand\u00bb]\n<p style=\"text-align: center;\"><a href=\"#booking\"><i class=\"fa fa-chevron-right animated faa-horizontal \" style=\"color: #fff!important;\" aria-hidden=\"true\"><\/i> Reserva al mejor precio<\/a><\/p>\n[\/vc_column_text][\/vc_column_inner][vc_column_inner width=\u00bb1\/6&#8243;][\/vc_column_inner][\/vc_row_inner][\/vc_column][\/vc_row][vc_row bg_gradient_direction=\u00bb-45&#8243; thb_divider_position=\u00bbbottom\u00bb bg_gradient1=\u00bb#efe6dc\u00bb bg_gradient2=\u00bb#ffffff\u00bb][vc_column offset=\u00bbvc_col-lg-offset-1 vc_col-lg-10&#8243;][vc_row_inner thb_column_padding=\u00bbtrue\u00bb content_placement=\u00bbmiddle\u00bb css=\u00bb.vc_custom_1716965260320{margin-top: 70px !important;margin-bottom: 70px !important;}\u00bb][vc_column_inner el_class=\u00bbon__top\u00bb width=\u00bb1\/3&#8243;][vc_column_text css=\u00bb.vc_custom_1722875851322{margin-right: -75px !important;margin-bottom: 40px !important;padding-top: 30px !important;padding-right: 30px !important;padding-bottom: 30px !important;padding-left: 30px !important;background-color: #ffffff !important;}\u00bb]\n<h2>FACHADA &#8211; RECEPCI\u00d3N \u2013 SALA DE DESAYUNO<\/h2>\n<p>Nuestra casa, con su fachada t\u00edpica del principio del signo 20 y su linda cava con muros en piedra, los espera para una estad\u00eda relajante en nuestra ciudad m\u00e1gica!<\/p>\n[\/vc_column_text][vc_column_text el_class=\u00bbcta\u00bb]\n<p style=\"text-align: left;\"><a href=\"https:\/\/www.hotel-apollon-montparnasse.paris\/es\/hotel\/\">El alma de la casa<\/a><\/p>\n[\/vc_column_text][\/vc_column_inner][vc_column_inner width=\u00bb2\/3&#8243;][vc_column_text css=\u00bb.vc_custom_1729011534713{margin-bottom: 0px !important;}\u00bb]<div id=\"jig1\" class=\"justified-image-grid jig-003496c32000cf791b349dd6ec7ff649 jig-preset-11 jig-source-wp-gallery\"><div class=\"jig-clearfix\"><\/div><noscript id=\"jig1-html\" class=\"justified-image-grid-html\" data-lazy-src=\"skiplazyload\" data-src=\"skipunveillazyload\"><ul><li><a href=\"https:\/\/www.hotel-apollon-montparnasse.paris\/wp-content\/uploads\/2024\/02\/Untitled-211-1.jpg\"><img loading=\"lazy\" decoding=\"async\" src=\"data:image\/gif;base64,R0lGODlhAQABAAAAACH5BAEKAAEALAAAAAABAAEAAAICTAEAOw==\" data-src=\"https:\/\/www.hotel-apollon-montparnasse.paris\/wp-content\/plugins\/justified-image-grid\/timthumb.php?src=https%3A%2F%2Fwww.hotel-apollon-montparnasse.paris%2Fwp-content%2Fuploads%2F2024%2F02%2FUntitled-211-1.jpg&amp;h=210&amp;q=90&amp;f=.jpg\" alt=\"\" width=\"367\" height=\"210\" class=\"lazyload\" \/><\/a><\/li><li><a href=\"https:\/\/www.hotel-apollon-montparnasse.paris\/wp-content\/uploads\/2024\/05\/01.jpg\" title=\"01\"><img loading=\"lazy\" decoding=\"async\" src=\"data:image\/gif;base64,R0lGODlhAQABAAAAACH5BAEKAAEALAAAAAABAAEAAAICTAEAOw==\" data-src=\"https:\/\/www.hotel-apollon-montparnasse.paris\/wp-content\/plugins\/justified-image-grid\/timthumb.php?src=https%3A%2F%2Fwww.hotel-apollon-montparnasse.paris%2Fwp-content%2Fuploads%2F2024%2F05%2F01.jpg&amp;h=210&amp;q=90&amp;f=.jpg\" alt=\"01\" width=\"315\" height=\"210\" class=\"lazyload\" \/><\/a><p class=\"jig-HTMLdescription\">01<\/p><\/li><li><a href=\"https:\/\/www.hotel-apollon-montparnasse.paris\/wp-content\/uploads\/2024\/05\/02.jpg\" title=\"02\"><img loading=\"lazy\" decoding=\"async\" src=\"data:image\/gif;base64,R0lGODlhAQABAAAAACH5BAEKAAEALAAAAAABAAEAAAICTAEAOw==\" data-src=\"https:\/\/www.hotel-apollon-montparnasse.paris\/wp-content\/plugins\/justified-image-grid\/timthumb.php?src=https%3A%2F%2Fwww.hotel-apollon-montparnasse.paris%2Fwp-content%2Fuploads%2F2024%2F05%2F02.jpg&amp;h=210&amp;q=90&amp;f=.jpg\" alt=\"02\" width=\"139\" height=\"210\" class=\"lazyload\" \/><\/a><p class=\"jig-HTMLdescription\">02<\/p><\/li><li><a href=\"https:\/\/www.hotel-apollon-montparnasse.paris\/wp-content\/uploads\/2024\/05\/03.jpg\" title=\"03\"><img loading=\"lazy\" decoding=\"async\" src=\"data:image\/gif;base64,R0lGODlhAQABAAAAACH5BAEKAAEALAAAAAABAAEAAAICTAEAOw==\" data-src=\"https:\/\/www.hotel-apollon-montparnasse.paris\/wp-content\/plugins\/justified-image-grid\/timthumb.php?src=https%3A%2F%2Fwww.hotel-apollon-montparnasse.paris%2Fwp-content%2Fuploads%2F2024%2F05%2F03.jpg&amp;h=210&amp;q=90&amp;f=.jpg\" alt=\"03\" width=\"300\" height=\"210\" class=\"lazyload\" \/><\/a><p class=\"jig-HTMLdescription\">03<\/p><\/li><li><a href=\"https:\/\/www.hotel-apollon-montparnasse.paris\/wp-content\/uploads\/2024\/05\/04.jpg\" title=\"04\"><img loading=\"lazy\" decoding=\"async\" src=\"data:image\/gif;base64,R0lGODlhAQABAAAAACH5BAEKAAEALAAAAAABAAEAAAICTAEAOw==\" data-src=\"https:\/\/www.hotel-apollon-montparnasse.paris\/wp-content\/plugins\/justified-image-grid\/timthumb.php?src=https%3A%2F%2Fwww.hotel-apollon-montparnasse.paris%2Fwp-content%2Fuploads%2F2024%2F05%2F04.jpg&amp;h=210&amp;q=90&amp;f=.jpg\" alt=\"04\" width=\"314\" height=\"210\" class=\"lazyload\" \/><\/a><p class=\"jig-HTMLdescription\">04<\/p><\/li><li><a href=\"https:\/\/www.hotel-apollon-montparnasse.paris\/wp-content\/uploads\/2024\/05\/05.jpg\" title=\"05\"><img loading=\"lazy\" decoding=\"async\" src=\"data:image\/gif;base64,R0lGODlhAQABAAAAACH5BAEKAAEALAAAAAABAAEAAAICTAEAOw==\" data-src=\"https:\/\/www.hotel-apollon-montparnasse.paris\/wp-content\/plugins\/justified-image-grid\/timthumb.php?src=https%3A%2F%2Fwww.hotel-apollon-montparnasse.paris%2Fwp-content%2Fuploads%2F2024%2F05%2F05.jpg&amp;h=210&amp;q=90&amp;f=.jpg\" alt=\"05\" width=\"314\" height=\"210\" class=\"lazyload\" \/><\/a><p class=\"jig-HTMLdescription\">05<\/p><\/li><li><a href=\"https:\/\/www.hotel-apollon-montparnasse.paris\/wp-content\/uploads\/2024\/05\/06.jpg\" title=\"06\"><img loading=\"lazy\" decoding=\"async\" src=\"data:image\/gif;base64,R0lGODlhAQABAAAAACH5BAEKAAEALAAAAAABAAEAAAICTAEAOw==\" data-src=\"https:\/\/www.hotel-apollon-montparnasse.paris\/wp-content\/plugins\/justified-image-grid\/timthumb.php?src=https%3A%2F%2Fwww.hotel-apollon-montparnasse.paris%2Fwp-content%2Fuploads%2F2024%2F05%2F06.jpg&amp;h=210&amp;q=90&amp;f=.jpg\" alt=\"06\" width=\"315\" height=\"210\" class=\"lazyload\" \/><\/a><p class=\"jig-HTMLdescription\">06<\/p><\/li><li><a href=\"https:\/\/www.hotel-apollon-montparnasse.paris\/wp-content\/uploads\/2024\/10\/aa.jpg\" title=\"aa\"><img loading=\"lazy\" decoding=\"async\" src=\"data:image\/gif;base64,R0lGODlhAQABAAAAACH5BAEKAAEALAAAAAABAAEAAAICTAEAOw==\" data-src=\"https:\/\/www.hotel-apollon-montparnasse.paris\/wp-content\/plugins\/justified-image-grid\/timthumb.php?src=https%3A%2F%2Fwww.hotel-apollon-montparnasse.paris%2Fwp-content%2Fuploads%2F2024%2F10%2Faa.jpg&amp;h=210&amp;q=90&amp;f=.jpg\" alt=\"aa\" width=\"140\" height=\"210\" class=\"lazyload\" \/><\/a><p class=\"jig-HTMLdescription\">aa<\/p><\/li><li><a href=\"https:\/\/www.hotel-apollon-montparnasse.paris\/wp-content\/uploads\/2024\/10\/produits.jpg\" title=\"produits\"><img loading=\"lazy\" decoding=\"async\" src=\"data:image\/gif;base64,R0lGODlhAQABAAAAACH5BAEKAAEALAAAAAABAAEAAAICTAEAOw==\" data-src=\"https:\/\/www.hotel-apollon-montparnasse.paris\/wp-content\/plugins\/justified-image-grid\/timthumb.php?src=https%3A%2F%2Fwww.hotel-apollon-montparnasse.paris%2Fwp-content%2Fuploads%2F2024%2F10%2Fproduits.jpg&amp;h=210&amp;q=90&amp;f=.jpg\" alt=\"produits\" width=\"169\" height=\"210\" class=\"lazyload\" \/><\/a><p class=\"jig-HTMLdescription\">produits<\/p><\/li><li><a href=\"https:\/\/www.hotel-apollon-montparnasse.paris\/wp-content\/uploads\/2024\/05\/09.jpg\" title=\"09\"><img loading=\"lazy\" decoding=\"async\" src=\"data:image\/gif;base64,R0lGODlhAQABAAAAACH5BAEKAAEALAAAAAABAAEAAAICTAEAOw==\" data-src=\"https:\/\/www.hotel-apollon-montparnasse.paris\/wp-content\/plugins\/justified-image-grid\/timthumb.php?src=https%3A%2F%2Fwww.hotel-apollon-montparnasse.paris%2Fwp-content%2Fuploads%2F2024%2F05%2F09.jpg&amp;h=210&amp;q=90&amp;f=.jpg\" alt=\"09\" width=\"314\" height=\"210\" class=\"lazyload\" \/><\/a><p class=\"jig-HTMLdescription\">09<\/p><\/li><\/ul><\/noscript><\/div>[\/vc_column_text][\/vc_column_inner][\/vc_row_inner][vc_row_inner thb_column_padding=\u00bbtrue\u00bb content_placement=\u00bbmiddle\u00bb css=\u00bb.vc_custom_1716968581029{margin-top: 70px !important;margin-bottom: 20px !important;}\u00bb][vc_column_inner width=\u00bb2\/3&#8243;][vc_column_text css=\u00bb.vc_custom_1722962051072{margin-bottom: 0px !important;}\u00bb]<div id=\"jig2\" class=\"justified-image-grid jig-1fd7c1cff14cd26f1f7790b840d9b151 jig-preset-11 jig-source-wp-gallery\"><div class=\"jig-clearfix\"><\/div><noscript id=\"jig2-html\" class=\"justified-image-grid-html\" data-lazy-src=\"skiplazyload\" data-src=\"skipunveillazyload\"><ul><li><a href=\"https:\/\/www.hotel-apollon-montparnasse.paris\/wp-content\/uploads\/2024\/05\/03.jpg\" title=\"03\"><img loading=\"lazy\" decoding=\"async\" src=\"data:image\/gif;base64,R0lGODlhAQABAAAAACH5BAEKAAEALAAAAAABAAEAAAICTAEAOw==\" data-src=\"https:\/\/www.hotel-apollon-montparnasse.paris\/wp-content\/plugins\/justified-image-grid\/timthumb.php?src=https%3A%2F%2Fwww.hotel-apollon-montparnasse.paris%2Fwp-content%2Fuploads%2F2024%2F05%2F03.jpg&amp;h=210&amp;q=90&amp;f=.jpg\" alt=\"03\" width=\"300\" height=\"210\" class=\"lazyload\" \/><\/a><p class=\"jig-HTMLdescription\">03<\/p><\/li><li><a href=\"https:\/\/www.hotel-apollon-montparnasse.paris\/wp-content\/uploads\/2024\/05\/06.jpg\" title=\"06\"><img loading=\"lazy\" decoding=\"async\" src=\"data:image\/gif;base64,R0lGODlhAQABAAAAACH5BAEKAAEALAAAAAABAAEAAAICTAEAOw==\" data-src=\"https:\/\/www.hotel-apollon-montparnasse.paris\/wp-content\/plugins\/justified-image-grid\/timthumb.php?src=https%3A%2F%2Fwww.hotel-apollon-montparnasse.paris%2Fwp-content%2Fuploads%2F2024%2F05%2F06.jpg&amp;h=210&amp;q=90&amp;f=.jpg\" alt=\"06\" width=\"315\" height=\"210\" class=\"lazyload\" \/><\/a><p class=\"jig-HTMLdescription\">06<\/p><\/li><li><a href=\"https:\/\/www.hotel-apollon-montparnasse.paris\/wp-content\/uploads\/2024\/05\/07.jpg\" title=\"07\"><img loading=\"lazy\" decoding=\"async\" src=\"data:image\/gif;base64,R0lGODlhAQABAAAAACH5BAEKAAEALAAAAAABAAEAAAICTAEAOw==\" data-src=\"https:\/\/www.hotel-apollon-montparnasse.paris\/wp-content\/plugins\/justified-image-grid\/timthumb.php?src=https%3A%2F%2Fwww.hotel-apollon-montparnasse.paris%2Fwp-content%2Fuploads%2F2024%2F05%2F07.jpg&amp;h=210&amp;q=90&amp;f=.jpg\" alt=\"07\" width=\"140\" height=\"210\" class=\"lazyload\" \/><\/a><p class=\"jig-HTMLdescription\">07<\/p><\/li><li><a href=\"https:\/\/www.hotel-apollon-montparnasse.paris\/wp-content\/uploads\/2024\/05\/09.jpg\" title=\"09\"><img loading=\"lazy\" decoding=\"async\" src=\"data:image\/gif;base64,R0lGODlhAQABAAAAACH5BAEKAAEALAAAAAABAAEAAAICTAEAOw==\" data-src=\"https:\/\/www.hotel-apollon-montparnasse.paris\/wp-content\/plugins\/justified-image-grid\/timthumb.php?src=https%3A%2F%2Fwww.hotel-apollon-montparnasse.paris%2Fwp-content%2Fuploads%2F2024%2F05%2F09.jpg&amp;h=210&amp;q=90&amp;f=.jpg\" alt=\"09\" width=\"314\" height=\"210\" class=\"lazyload\" \/><\/a><p class=\"jig-HTMLdescription\">09<\/p><\/li><li><a href=\"https:\/\/www.hotel-apollon-montparnasse.paris\/wp-content\/uploads\/2024\/02\/Untitled-211-1.jpg\"><img loading=\"lazy\" decoding=\"async\" src=\"data:image\/gif;base64,R0lGODlhAQABAAAAACH5BAEKAAEALAAAAAABAAEAAAICTAEAOw==\" data-src=\"https:\/\/www.hotel-apollon-montparnasse.paris\/wp-content\/plugins\/justified-image-grid\/timthumb.php?src=https%3A%2F%2Fwww.hotel-apollon-montparnasse.paris%2Fwp-content%2Fuploads%2F2024%2F02%2FUntitled-211-1.jpg&amp;h=210&amp;q=90&amp;f=.jpg\" alt=\"\" width=\"367\" height=\"210\" class=\"lazyload\" \/><\/a><\/li><li><a href=\"https:\/\/www.hotel-apollon-montparnasse.paris\/wp-content\/uploads\/2024\/05\/01.jpg\" title=\"01\"><img loading=\"lazy\" decoding=\"async\" src=\"data:image\/gif;base64,R0lGODlhAQABAAAAACH5BAEKAAEALAAAAAABAAEAAAICTAEAOw==\" data-src=\"https:\/\/www.hotel-apollon-montparnasse.paris\/wp-content\/plugins\/justified-image-grid\/timthumb.php?src=https%3A%2F%2Fwww.hotel-apollon-montparnasse.paris%2Fwp-content%2Fuploads%2F2024%2F05%2F01.jpg&amp;h=210&amp;q=90&amp;f=.jpg\" alt=\"01\" width=\"315\" height=\"210\" class=\"lazyload\" \/><\/a><p class=\"jig-HTMLdescription\">01<\/p><\/li><li><a href=\"https:\/\/www.hotel-apollon-montparnasse.paris\/wp-content\/uploads\/2024\/05\/apo-2.jpg\"><img loading=\"lazy\" decoding=\"async\" src=\"data:image\/gif;base64,R0lGODlhAQABAAAAACH5BAEKAAEALAAAAAABAAEAAAICTAEAOw==\" data-src=\"https:\/\/www.hotel-apollon-montparnasse.paris\/wp-content\/plugins\/justified-image-grid\/timthumb.php?src=https%3A%2F%2Fwww.hotel-apollon-montparnasse.paris%2Fwp-content%2Fuploads%2F2024%2F05%2Fapo-2.jpg&amp;h=210&amp;q=90&amp;f=.jpg\" alt=\"\" width=\"434\" height=\"210\" class=\"lazyload\" \/><\/a><\/li><\/ul><\/noscript><\/div>[\/vc_column_text][\/vc_column_inner][vc_column_inner el_class=\u00bbon__top\u00bb width=\u00bb1\/3&#8243;][vc_column_text css=\u00bb.vc_custom_1722875892257{margin-bottom: 40px !important;margin-left: -75px !important;padding-top: 30px !important;padding-right: 30px !important;padding-bottom: 30px !important;padding-left: 30px !important;background-color: #ffffff !important;}\u00bb]\n<h2>LAS HABITACIONES<\/h2>\n<p>Nuestras\u202f33\u202fhabitaciones los\u202facogen\u202fen\u202funa\u202fatm\u00f3sfera parisina y contempor\u00e1nea donde cada espacio fue optimizado para su comodidad.<br \/>\n[\/vc_column_text][vc_column_text el_class=\u00bbcta\u00bb]\n<p style=\"text-align: left;\"><a href=\"https:\/\/www.hotel-apollon-montparnasse.paris\/es\/habitaciones\/\">Descubrir las habitaciones<\/a><\/p>\n[\/vc_column_text][\/vc_column_inner][\/vc_row_inner][\/vc_column][\/vc_row]\n","protected":false},"excerpt":{"rendered":"<p>[vc_row bg_gradient_direction=\u00bb0&#8243; thb_divider_position=\u00bbbottom\u00bb css=\u00bb.vc_custom_1716983182680{background: #000000 url(https:\/\/www.hotel-apollon-montparnasse.paris\/wp-content\/uploads\/2024\/05\/apo-5.jpg?id=693) !important;background-position: center !important;background-repeat: no-repeat !important;background-size: cover !important;}\u00bb el_class=\u00bbsection_top\u00bb bg_gradient1=\u00bbrgba(10,10,10,0.01)\u00bb bg_gradient2=\u00bbrgba(0,0,0,0.38)\u00bb][vc_column][vc_row_inner][vc_column_inner][vc_column_text el_class=\u00bblight titrepage\u00bb] EL HOTEL EN IM\u00c1GENES [\/vc_column_text][\/vc_column_inner][\/vc_row_inner][vc_row_inner][vc_column_inner width=\u00bb1\/6&#8243;][\/vc_column_inner][vc_column_inner width=\u00bb2\/3&#8243;][vc_column_text&hellip;<\/p>\n","protected":false},"author":1,"featured_media":0,"parent":0,"menu_order":0,"comment_status":"closed","ping_status":"closed","template":"page-default.php","meta":{"footnotes":""},"class_list":["post-1200","page","type-page","status-publish","hentry"],"_links":{"self":[{"href":"https:\/\/www.hotel-apollon-montparnasse.paris\/es\/wp-json\/wp\/v2\/pages\/1200","targetHints":{"allow":["GET"]}}],"collection":[{"href":"https:\/\/www.hotel-apollon-montparnasse.paris\/es\/wp-json\/wp\/v2\/pages"}],"about":[{"href":"https:\/\/www.hotel-apollon-montparnasse.paris\/es\/wp-json\/wp\/v2\/types\/page"}],"author":[{"embeddable":true,"href":"https:\/\/www.hotel-apollon-montparnasse.paris\/es\/wp-json\/wp\/v2\/users\/1"}],"replies":[{"embeddable":true,"href":"https:\/\/www.hotel-apollon-montparnasse.paris\/es\/wp-json\/wp\/v2\/comments?post=1200"}],"version-history":[{"count":6,"href":"https:\/\/www.hotel-apollon-montparnasse.paris\/es\/wp-json\/wp\/v2\/pages\/1200\/revisions"}],"predecessor-version":[{"id":1395,"href":"https:\/\/www.hotel-apollon-montparnasse.paris\/es\/wp-json\/wp\/v2\/pages\/1200\/revisions\/1395"}],"wp:attachment":[{"href":"https:\/\/www.hotel-apollon-montparnasse.paris\/es\/wp-json\/wp\/v2\/media?parent=1200"}],"curies":[{"name":"wp","href":"https:\/\/api.w.org\/{rel}","templated":true}]}}