{"id":1189,"date":"2024-05-16T10:42:31","date_gmt":"2024-05-16T08:42:31","guid":{"rendered":"https:\/\/www.hotel-apollon-montparnasse.paris\/services\/"},"modified":"2025-01-21T13:15:08","modified_gmt":"2025-01-21T12:15:08","slug":"servicios","status":"publish","type":"page","link":"https:\/\/www.hotel-apollon-montparnasse.paris\/es\/servicios\/","title":{"rendered":"Nuestros servicios"},"content":{"rendered":"[vc_row bg_gradient_direction=\u00bb0&#8243; thb_divider_position=\u00bbbottom\u00bb css=\u00bb.vc_custom_1716980989560{background: #000000 url(https:\/\/www.hotel-apollon-montparnasse.paris\/wp-content\/uploads\/2024\/05\/apo-4.jpg?id=676) !important;background-position: center !important;background-repeat: no-repeat !important;background-size: cover !important;}\u00bb el_class=\u00bbsection_top\u00bb bg_gradient1=\u00bbrgba(10,10,10,0.01)\u00bb bg_gradient2=\u00bbrgba(0,0,0,0.38)\u00bb][vc_column][vc_row_inner][vc_column_inner][vc_column_text el_class=\u00bblight titrepage\u00bb]\n<h1 style=\"text-align: center;\">NUESTROS SERVICIOS<\/h1>\n[\/vc_column_text][\/vc_column_inner][\/vc_row_inner][vc_row_inner][vc_column_inner width=\u00bb1\/6&#8243;][\/vc_column_inner][vc_column_inner width=\u00bb2\/3&#8243;][vc_column_text el_class=\u00bbcta ctagrand\u00bb]\n<p style=\"text-align: center;\"><a href=\"#booking\"><i class=\"fa fa-chevron-right animated faa-horizontal \" style=\"color: #fff!important;\" aria-hidden=\"true\"><\/i> Reserva al mejor precio<\/a><\/p>\n[\/vc_column_text][\/vc_column_inner][vc_column_inner width=\u00bb1\/6&#8243;][\/vc_column_inner][\/vc_row_inner][\/vc_column][\/vc_row][vc_row bg_gradient_direction=\u00bb-45&#8243; thb_divider_position=\u00bbbottom\u00bb bg_gradient1=\u00bb#efe6dc\u00bb bg_gradient2=\u00bb#ffffff\u00bb css=\u00bb.vc_custom_1720541858542{margin-bottom: 0px !important;padding-bottom: 0px !important;}\u00bb][vc_column][vc_row_inner content_placement=\u00bbmiddle\u00bb][vc_column_inner][vc_column_text css=\u00bb.vc_custom_1722874742025{margin-bottom: 0px !important;}\u00bb]\n<h2 style=\"text-transform: uppercase; text-align: center;\">UNA MULTITUD DE SERVICIOS A SU DISPOSICI\u00d3N<\/h2>\n<p style=\"text-align: center;\"><strong>Todas esas peque\u00f1as atenciones hacen de nuestra casa un lugar \u00fanico para\u202f acogerlos en un ambiente caluroso y profesional.<br \/>\n<\/strong><\/p>\n[\/vc_column_text][\/vc_column_inner][\/vc_row_inner][\/vc_column][\/vc_row][vc_row thb_divider_position=\u00bbbottom\u00bb bg_gradient1=\u00bb#efe6dc\u00bb bg_gradient2=\u00bb#ffffff\u00bb][vc_column offset=\u00bbvc_col-lg-offset-1 vc_col-lg-10&#8243;][vc_row_inner][vc_column_inner width=\u00bb1\/4&#8243;][vc_column_text]\n<p style=\"text-align: center;\"><img decoding=\"async\" class=\"alignnone imgicon lazyload\" src=\"data:image\/gif;base64,R0lGODlhAQABAAAAACH5BAEKAAEALAAAAAABAAEAAAICTAEAOw==\" data-src=\"https:\/\/www.hotel-apollon-montparnasse.paris\/wp-content\/uploads\/2024\/05\/ico01.png\" alt=\"\" width=\"50\" \/><br \/>\nVentanas f\u00f3nicas<\/p>\n[\/vc_column_text][\/vc_column_inner][vc_column_inner width=\u00bb1\/4&#8243;][vc_column_text]\n<p style=\"text-align: center;\"><img decoding=\"async\" class=\"alignnone imgicon lazyload\" src=\"data:image\/gif;base64,R0lGODlhAQABAAAAACH5BAEKAAEALAAAAAABAAEAAAICTAEAOw==\" data-src=\"https:\/\/www.hotel-apollon-montparnasse.paris\/wp-content\/uploads\/2024\/05\/ico02.png\" alt=\"\" width=\"50\" \/><br \/>\nClimatizaci\u00f3n<\/p>\n[\/vc_column_text][\/vc_column_inner][vc_column_inner width=\u00bb1\/4&#8243;][vc_column_text]\n<p style=\"text-align: center;\"><img decoding=\"async\" class=\"alignnone imgicon lazyload\" src=\"data:image\/gif;base64,R0lGODlhAQABAAAAACH5BAEKAAEALAAAAAABAAEAAAICTAEAOw==\" data-src=\"https:\/\/www.hotel-apollon-montparnasse.paris\/wp-content\/uploads\/2024\/05\/wifi.png\" alt=\"\" width=\"50\" \/><br \/>\nWifi\u202fseguro\u202f y\u202f gratuito<\/p>\n[\/vc_column_text][\/vc_column_inner][vc_column_inner width=\u00bb1\/4&#8243;][vc_column_text]\n<p style=\"text-align: center;\"><img decoding=\"async\" class=\"alignnone imgicon lazyload\" src=\"data:image\/gif;base64,R0lGODlhAQABAAAAACH5BAEKAAEALAAAAAABAAEAAAICTAEAOw==\" data-src=\"https:\/\/www.hotel-apollon-montparnasse.paris\/wp-content\/uploads\/2024\/05\/tv.png\" alt=\"\" width=\"50\" \/><br \/>\nTV con Canal+ y Bein Sport<\/p>\n[\/vc_column_text][\/vc_column_inner][\/vc_row_inner][vc_row_inner][vc_column_inner width=\u00bb1\/4&#8243;][vc_column_text]\n<p style=\"text-align: center;\"><img decoding=\"async\" class=\"alignnone imgicon lazyload\" src=\"data:image\/gif;base64,R0lGODlhAQABAAAAACH5BAEKAAEALAAAAAABAAEAAAICTAEAOw==\" data-src=\"https:\/\/www.hotel-apollon-montparnasse.paris\/wp-content\/uploads\/2024\/10\/ico08.png\" alt=\"\" width=\"50\" \/><br \/>\nParking privado con video vigilancia<br \/>\n<span style=\"font-size: .6em; line-height: .6em;\">reserva previa necesaria para vehiculos con una altura maxima de 1.80m<\/span><\/p>\n[\/vc_column_text][\/vc_column_inner][vc_column_inner width=\u00bb1\/4&#8243;][vc_column_text]\n<p style=\"text-align: center;\"><img decoding=\"async\" class=\"alignnone imgicon lazyload\" src=\"data:image\/gif;base64,R0lGODlhAQABAAAAACH5BAEKAAEALAAAAAABAAEAAAICTAEAOw==\" data-src=\"https:\/\/www.hotel-apollon-montparnasse.paris\/wp-content\/uploads\/2024\/07\/ico06.png\" alt=\"\" width=\"50\" \/><br \/>\nAlmacenamiento seguro de equipaje<\/p>\n[\/vc_column_text][\/vc_column_inner][vc_column_inner width=\u00bb1\/4&#8243;][vc_column_text]\n<p style=\"text-align: center;\"><img decoding=\"async\" class=\"alignnone imgicon lazyload\" src=\"data:image\/gif;base64,R0lGODlhAQABAAAAACH5BAEKAAEALAAAAAABAAEAAAICTAEAOw==\" data-src=\"https:\/\/www.hotel-apollon-montparnasse.paris\/wp-content\/uploads\/2024\/07\/ico04.png\" alt=\"\" width=\"50\" \/><br \/>\nConserje<\/p>\n[\/vc_column_text][\/vc_column_inner][vc_column_inner width=\u00bb1\/4&#8243;][vc_column_text]\n<p style=\"text-align: center;\"><img decoding=\"async\" class=\"alignnone imgicon lazyload\" src=\"data:image\/gif;base64,R0lGODlhAQABAAAAACH5BAEKAAEALAAAAAABAAEAAAICTAEAOw==\" data-src=\"https:\/\/www.hotel-apollon-montparnasse.paris\/wp-content\/uploads\/2024\/07\/ico07.png\" alt=\"\" width=\"50\" \/><br \/>\nMini bar<br \/>\n<span style=\"font-size: .6em; line-height: .6em;\">(bebidas y snacks)<\/span><\/p>\n[\/vc_column_text][\/vc_column_inner][\/vc_row_inner][vc_row_inner][vc_column_inner width=\u00bb1\/4&#8243;][vc_column_text]\n<p style=\"text-align: center;\"><img decoding=\"async\" class=\"alignnone imgicon lazyload\" src=\"data:image\/gif;base64,R0lGODlhAQABAAAAACH5BAEKAAEALAAAAAABAAEAAAICTAEAOw==\" data-src=\"https:\/\/www.hotel-apollon-montparnasse.paris\/wp-content\/uploads\/2024\/07\/ico01.png\" alt=\"\" width=\"50\" \/><br \/>\nAscensor<\/p>\n[\/vc_column_text][\/vc_column_inner][vc_column_inner width=\u00bb1\/4&#8243;][vc_column_text]\n<p style=\"text-align: center;\"><img decoding=\"async\" class=\"alignnone imgicon lazyload\" src=\"data:image\/gif;base64,R0lGODlhAQABAAAAACH5BAEKAAEALAAAAAABAAEAAAICTAEAOw==\" data-src=\"https:\/\/www.hotel-apollon-montparnasse.paris\/wp-content\/uploads\/2024\/07\/ico02.png\" alt=\"\" width=\"50\" \/><br \/>\nComida r\u00e1pida<\/p>\n[\/vc_column_text][\/vc_column_inner][vc_column_inner width=\u00bb1\/4&#8243;][vc_column_text]\n<p style=\"text-align: center;\"><img decoding=\"async\" class=\"alignnone imgicon lazyload\" src=\"data:image\/gif;base64,R0lGODlhAQABAAAAACH5BAEKAAEALAAAAAABAAEAAAICTAEAOw==\" data-src=\"https:\/\/www.hotel-apollon-montparnasse.paris\/wp-content\/uploads\/2024\/07\/ico09.png\" alt=\"\" width=\"50\" \/><br \/>\nCaja fuerte individual<\/p>\n[\/vc_column_text][\/vc_column_inner][vc_column_inner width=\u00bb1\/4&#8243;][vc_column_text]\n<p style=\"text-align: center;\"><img decoding=\"async\" class=\"alignnone imgicon lazyload\" src=\"data:image\/gif;base64,R0lGODlhAQABAAAAACH5BAEKAAEALAAAAAABAAEAAAICTAEAOw==\" data-src=\"https:\/\/www.hotel-apollon-montparnasse.paris\/wp-content\/uploads\/2024\/07\/ico03.png\" alt=\"\" width=\"50\" \/><br \/>\nSecador de cabello<\/p>\n[\/vc_column_text][\/vc_column_inner][\/vc_row_inner][\/vc_column][\/vc_row][vc_row bg_gradient_direction=\u00bb-45&#8243; thb_divider_position=\u00bbbottom\u00bb bg_gradient1=\u00bb#efe6dc\u00bb bg_gradient2=\u00bb#ffffff\u00bb][vc_column][vc_row_inner thb_column_padding=\u00bbtrue\u00bb content_placement=\u00bbmiddle\u00bb css=\u00bb.vc_custom_1716278059693{margin-bottom: 70px !important;}\u00bb][vc_column_inner width=\u00bb1\/2&#8243;][vc_column_text css=\u00bb.vc_custom_1729008186060{margin-bottom: 0px !important;}\u00bb]<img decoding=\"async\" class=\"size-full wp-image-1346 aligncenter lazyload\" src=\"data:image\/gif;base64,R0lGODlhAQABAAAAACH5BAEKAAEALAAAAAABAAEAAAICTAEAOw==\" data-src=\"https:\/\/www.hotel-apollon-montparnasse.paris\/wp-content\/uploads\/2024\/10\/pdj.jpg\" alt=\"\" width=\"300\" data-sizes=\"auto\" data-srcset=\"https:\/\/www.hotel-apollon-montparnasse.paris\/wp-content\/uploads\/2024\/10\/pdj.jpg 800w, https:\/\/www.hotel-apollon-montparnasse.paris\/wp-content\/uploads\/2024\/10\/pdj-616x1024.jpg 616w, https:\/\/www.hotel-apollon-montparnasse.paris\/wp-content\/uploads\/2024\/10\/pdj-768x1276.jpg 768w, https:\/\/www.hotel-apollon-montparnasse.paris\/wp-content\/uploads\/2024\/10\/pdj-640x1063.jpg 640w, https:\/\/www.hotel-apollon-montparnasse.paris\/wp-content\/uploads\/2024\/10\/pdj-320x532.jpg 320w, https:\/\/www.hotel-apollon-montparnasse.paris\/wp-content\/uploads\/2024\/10\/pdj-20x33.jpg 20w\" sizes=\"(max-width: 800px) 100vw, 800px\" \/>[\/vc_column_text][\/vc_column_inner][vc_column_inner width=\u00bb1\/2&#8243;][vc_column_text css=\u00bb.vc_custom_1722875224566{margin-bottom: 0px !important;margin-left: -45px !important;padding-top: 30px !important;padding-right: 30px !important;padding-bottom: 30px !important;padding-left: 30px !important;background-color: #ffffff !important;}\u00bb]\n<h2>DESAYUNO \u201cA LA FRANCESA\u201d<\/h2>\n<p><strong>Se ofrece desayuno a ni\u00f1os menores de 10 a\u00f1os.<\/strong><\/p>\n<p>Los acogemos todas la ma\u00f1anas de 7h30 a 9h30 de Lunes a Viernes y de 8h a 10h los sabados y domingos en nuestra linda sala con piedras en los muros para un desayuno \u201ca la francesa\u201d.Productos frescos (yogurt, ensalada de frutas, frutos secos, cake, queso, jam\u00f3n, cereales, bebidas calientes y jugos), boller\u00eda y baguettes hechos a mano y entregados cada ma\u00f1ana por nuestro panadero local, los permitir\u00e1 comenzar muy bien el d\u00eda![\/vc_column_text][\/vc_column_inner][\/vc_row_inner][vc_row_inner thb_column_padding=\u00bbtrue\u00bb content_placement=\u00bbtop\u00bb css=\u00bb.vc_custom_1716278163559{margin-bottom: 70px !important;}\u00bb][vc_column_inner width=\u00bb1\/2&#8243;][vc_column_text css=\u00bb.vc_custom_1716271145011{margin-bottom: 0px !important;}\u00bb]<img loading=\"lazy\" decoding=\"async\" class=\"size-full wp-image-547 aligncenter lazyload\" src=\"data:image\/gif;base64,R0lGODlhAQABAAAAACH5BAEKAAEALAAAAAABAAEAAAICTAEAOw==\" data-src=\"https:\/\/www.hotel-apollon-montparnasse.paris\/wp-content\/uploads\/2024\/05\/apollon.png\" alt=\"\" width=\"1195\" height=\"919\" data-sizes=\"auto\" data-srcset=\"https:\/\/www.hotel-apollon-montparnasse.paris\/wp-content\/uploads\/2024\/05\/apollon.png 1195w, https:\/\/www.hotel-apollon-montparnasse.paris\/wp-content\/uploads\/2024\/05\/apollon-1024x787.png 1024w, https:\/\/www.hotel-apollon-montparnasse.paris\/wp-content\/uploads\/2024\/05\/apollon-768x591.png 768w, https:\/\/www.hotel-apollon-montparnasse.paris\/wp-content\/uploads\/2024\/05\/apollon-640x492.png 640w, https:\/\/www.hotel-apollon-montparnasse.paris\/wp-content\/uploads\/2024\/05\/apollon-320x246.png 320w, https:\/\/www.hotel-apollon-montparnasse.paris\/wp-content\/uploads\/2024\/05\/apollon-20x15.png 20w\" sizes=\"auto, (max-width: 1195px) 100vw, 1195px\" \/>[\/vc_column_text][\/vc_column_inner][vc_column_inner width=\u00bb1\/2&#8243;][vc_column_text css=\u00bb.vc_custom_1722875271576{margin-bottom: 0px !important;margin-left: -75px !important;padding-top: 30px !important;padding-right: 30px !important;padding-bottom: 30px !important;padding-left: 30px !important;background-color: #ffffff !important;}\u00bb]\n<h2>PRODUCTOS \u00ab THE RERUM NATURA\u201d<\/h2>\n<p>Una colecci\u00f3n desarrollada con un saber hacer magistral y tradicional en herborister\u00eda.<br \/>\nLa gama de cosm\u00e9tica certificada Cosmos Organic est\u00e1 formulada y desarrollada para ser eficaz y respetuosa con la piel y el medio ambiente.<\/p>\n<p><strong>CHAMP\u00da<\/strong><br \/>\nUn champ\u00fa suave de lavanda enriquecido con una nota de hojas de naranja amarga<\/p>\n<p><strong>EL GEL DE DUCHA<\/strong><br \/>\nUn gel de ducha corporal c\u00edtrico, enriquecido con agradables notas de madera de gaiac.<\/p>\n<p><strong>EL JAB\u00d3N<\/strong><br \/>\nEste jab\u00f3n con aroma a limoncillo<\/p>\n<p><strong>LA CREMA FACIAL<\/strong><br \/>\nUna loci\u00f3n facial ligera de uso diario enriquecida con aloe org\u00e1nico.[\/vc_column_text][\/vc_column_inner][\/vc_row_inner][\/vc_column][\/vc_row]\n","protected":false},"excerpt":{"rendered":"<p>[vc_row bg_gradient_direction=\u00bb0&#8243; thb_divider_position=\u00bbbottom\u00bb css=\u00bb.vc_custom_1716980989560{background: #000000 url(https:\/\/www.hotel-apollon-montparnasse.paris\/wp-content\/uploads\/2024\/05\/apo-4.jpg?id=676) !important;background-position: center !important;background-repeat: no-repeat !important;background-size: cover !important;}\u00bb el_class=\u00bbsection_top\u00bb bg_gradient1=\u00bbrgba(10,10,10,0.01)\u00bb bg_gradient2=\u00bbrgba(0,0,0,0.38)\u00bb][vc_column][vc_row_inner][vc_column_inner][vc_column_text el_class=\u00bblight titrepage\u00bb] NUESTROS SERVICIOS [\/vc_column_text][\/vc_column_inner][\/vc_row_inner][vc_row_inner][vc_column_inner width=\u00bb1\/6&#8243;][\/vc_column_inner][vc_column_inner width=\u00bb2\/3&#8243;][vc_column_text el_class=\u00bbcta ctagrand\u00bb]&hellip;<\/p>\n","protected":false},"author":1,"featured_media":0,"parent":0,"menu_order":0,"comment_status":"closed","ping_status":"closed","template":"page-default.php","meta":{"footnotes":""},"class_list":["post-1189","page","type-page","status-publish","hentry"],"_links":{"self":[{"href":"https:\/\/www.hotel-apollon-montparnasse.paris\/es\/wp-json\/wp\/v2\/pages\/1189","targetHints":{"allow":["GET"]}}],"collection":[{"href":"https:\/\/www.hotel-apollon-montparnasse.paris\/es\/wp-json\/wp\/v2\/pages"}],"about":[{"href":"https:\/\/www.hotel-apollon-montparnasse.paris\/es\/wp-json\/wp\/v2\/types\/page"}],"author":[{"embeddable":true,"href":"https:\/\/www.hotel-apollon-montparnasse.paris\/es\/wp-json\/wp\/v2\/users\/1"}],"replies":[{"embeddable":true,"href":"https:\/\/www.hotel-apollon-montparnasse.paris\/es\/wp-json\/wp\/v2\/comments?post=1189"}],"version-history":[{"count":7,"href":"https:\/\/www.hotel-apollon-montparnasse.paris\/es\/wp-json\/wp\/v2\/pages\/1189\/revisions"}],"predecessor-version":[{"id":1472,"href":"https:\/\/www.hotel-apollon-montparnasse.paris\/es\/wp-json\/wp\/v2\/pages\/1189\/revisions\/1472"}],"wp:attachment":[{"href":"https:\/\/www.hotel-apollon-montparnasse.paris\/es\/wp-json\/wp\/v2\/media?parent=1189"}],"curies":[{"name":"wp","href":"https:\/\/api.w.org\/{rel}","templated":true}]}}