{"id":1177,"date":"2024-05-29T09:07:49","date_gmt":"2024-05-29T07:07:49","guid":{"rendered":"https:\/\/www.hotel-apollon-montparnasse.paris\/actualites\/"},"modified":"2024-08-05T14:39:58","modified_gmt":"2024-08-05T12:39:58","slug":"actualidades","status":"publish","type":"page","link":"https:\/\/www.hotel-apollon-montparnasse.paris\/es\/actualidades\/","title":{"rendered":"Actualidades"},"content":{"rendered":"[vc_row bg_gradient_direction=\u00bb0&#8243; thb_divider_position=\u00bbbottom\u00bb css=\u00bb.vc_custom_1716966750262{background: #000000 url(https:\/\/www.hotel-apollon-montparnasse.paris\/wp-content\/uploads\/2024\/05\/apo-1.jpg?id=619) !important;background-position: center !important;background-repeat: no-repeat !important;background-size: cover !important;}\u00bb el_class=\u00bbsection_top\u00bb bg_gradient1=\u00bbrgba(10,10,10,0.01)\u00bb bg_gradient2=\u00bbrgba(0,0,0,0.38)\u00bb][vc_column][vc_row_inner][vc_column_inner][vc_column_text el_class=\u00bblight titrepage\u00bb]\n<h1 style=\"text-align: center;\">ACTUALIDADES<\/h1>\n[\/vc_column_text][\/vc_column_inner][\/vc_row_inner][vc_row_inner][vc_column_inner width=\u00bb1\/6&#8243;][\/vc_column_inner][vc_column_inner width=\u00bb2\/3&#8243;][vc_column_text el_class=\u00bbcta ctagrand\u00bb]\n<p style=\"text-align: center;\"><a href=\"#booking\"><i class=\"fa fa-chevron-right animated faa-horizontal \" style=\"color: #fff!important;\" aria-hidden=\"true\"><\/i> Reserva al mejor precio<\/a><\/p>\n[\/vc_column_text][\/vc_column_inner][vc_column_inner width=\u00bb1\/6&#8243;][\/vc_column_inner][\/vc_row_inner][\/vc_column][\/vc_row][vc_row bg_gradient_direction=\u00bb-45&#8243; thb_divider_position=\u00bbbottom\u00bb bg_gradient1=\u00bb#efe6dc\u00bb bg_gradient2=\u00bb#ffffff\u00bb][vc_column offset=\u00bbvc_col-lg-offset-1 vc_col-lg-10&#8243;][vc_row_inner content_placement=\u00bbmiddle\u00bb css=\u00bb.vc_custom_1716887709628{margin-bottom: 10px !important;}\u00bb][vc_column_inner]\t<div id=\"thb-posts-shortcode-69f1e00725e49\"  class=\"posts-shortcode align-stretch style1 row  \" data-loadmore=\"#loadmore-187\" data-security=\"69b5ae0a65\">\n\t\t\t\t\t\t\t<div class=\"small-12 medium-6 medium-6 large-3 columns\">\n\t<article itemscope itemtype=\"http:\/\/schema.org\/Article\" class=\"post style1 post-1172 type-post status-publish format-standard has-post-thumbnail hentry category-sin-categorizar\" role=\"article\">\n\t\t\t\t<figure class=\"post-gallery\">\n\t\t\t\t<img loading=\"lazy\" decoding=\"async\" width=\"800\" height=\"450\" src=\"data:image\/gif;base64,R0lGODlhAQABAAAAACH5BAEKAAEALAAAAAABAAEAAAICTAEAOw==\" class=\"attachment-full size-full thb-lazyload lazyload wp-post-image\" alt=\"\" sizes=\"auto, (max-width: 800px) 100vw, 800px\" data-src=\"https:\/\/www.hotel-apollon-montparnasse.paris\/wp-content\/uploads\/2024\/08\/actu01.jpg\" data-sizes=\"auto\" data-srcset=\"https:\/\/www.hotel-apollon-montparnasse.paris\/wp-content\/uploads\/2024\/08\/actu01.jpg 800w, https:\/\/www.hotel-apollon-montparnasse.paris\/wp-content\/uploads\/2024\/08\/actu01-768x432.jpg 768w, https:\/\/www.hotel-apollon-montparnasse.paris\/wp-content\/uploads\/2024\/08\/actu01-640x360.jpg 640w, https:\/\/www.hotel-apollon-montparnasse.paris\/wp-content\/uploads\/2024\/08\/actu01-20x11.jpg 20w, https:\/\/www.hotel-apollon-montparnasse.paris\/wp-content\/uploads\/2024\/08\/actu01-320x180.jpg 320w\" \/>\t\t<\/figure>\n\t\t\t\t<div class=\"post-teaser\">\n      <h2><a \" title=\"Juegos Ol\u00edmpicos Par\u00eds 2024\">Juegos Ol\u00edmpicos Par\u00eds 2024<\/a><\/h2>\t\t\n\t\t\t<p>Los Juegos Ol\u00edmpicos Par\u00eds 2024 se llevar\u00e1n a cabo del 26 de julio al 11 de agosto de 2024.<\/p>\n\t\t<aside class=\"cat-container forceleft\">\n\t\t\t\t\t<\/aside>\n\t\t\n\t\t\t\n\t\t<\/div>\n\t<\/article>\n<\/div>\n\t\t\t\t\t\t\t\t\t<div class=\"small-12 medium-6 medium-6 large-3 columns\">\n\t<article itemscope itemtype=\"http:\/\/schema.org\/Article\" class=\"post style1 post-1166 type-post status-publish format-standard has-post-thumbnail hentry category-sin-categorizar\" role=\"article\">\n\t\t\t\t<figure class=\"post-gallery\">\n\t\t\t\t<img loading=\"lazy\" decoding=\"async\" width=\"800\" height=\"450\" src=\"data:image\/gif;base64,R0lGODlhAQABAAAAACH5BAEKAAEALAAAAAABAAEAAAICTAEAOw==\" class=\"attachment-full size-full thb-lazyload lazyload wp-post-image\" alt=\"\" sizes=\"auto, (max-width: 800px) 100vw, 800px\" data-src=\"https:\/\/www.hotel-apollon-montparnasse.paris\/wp-content\/uploads\/2024\/08\/actu02.jpg\" data-sizes=\"auto\" data-srcset=\"https:\/\/www.hotel-apollon-montparnasse.paris\/wp-content\/uploads\/2024\/08\/actu02.jpg 800w, https:\/\/www.hotel-apollon-montparnasse.paris\/wp-content\/uploads\/2024\/08\/actu02-768x432.jpg 768w, https:\/\/www.hotel-apollon-montparnasse.paris\/wp-content\/uploads\/2024\/08\/actu02-640x360.jpg 640w, https:\/\/www.hotel-apollon-montparnasse.paris\/wp-content\/uploads\/2024\/08\/actu02-20x11.jpg 20w, https:\/\/www.hotel-apollon-montparnasse.paris\/wp-content\/uploads\/2024\/08\/actu02-320x180.jpg 320w\" \/>\t\t<\/figure>\n\t\t\t\t<div class=\"post-teaser\">\n      <h2><a \" title=\"Juegos Paral\u00edmpicos Par\u00eds 2024\">Juegos Paral\u00edmpicos Par\u00eds 2024<\/a><\/h2>\t\t\n\t\t\t<p>Los Juegos Paral\u00edmpicos se llevar\u00e1n a cabo del 28 de agosto al 8 de septiembre de 2024.<\/p>\n\t\t<aside class=\"cat-container forceleft\">\n\t\t\t\t\t<\/aside>\n\t\t\n\t\t\t\n\t\t<\/div>\n\t<\/article>\n<\/div>\n\t\t\t\t\t\t\t\t\t<div class=\"small-12 medium-6 medium-6 large-3 columns\">\n\t<article itemscope itemtype=\"http:\/\/schema.org\/Article\" class=\"post style1 post-1160 type-post status-publish format-standard has-post-thumbnail hentry category-sin-categorizar\" role=\"article\">\n\t\t\t\t<figure class=\"post-gallery\">\n\t\t\t\t<img loading=\"lazy\" decoding=\"async\" width=\"800\" height=\"450\" src=\"data:image\/gif;base64,R0lGODlhAQABAAAAACH5BAEKAAEALAAAAAABAAEAAAICTAEAOw==\" class=\"attachment-full size-full thb-lazyload lazyload wp-post-image\" alt=\"\" sizes=\"auto, (max-width: 800px) 100vw, 800px\" data-src=\"https:\/\/www.hotel-apollon-montparnasse.paris\/wp-content\/uploads\/2024\/08\/actu03.jpg\" data-sizes=\"auto\" data-srcset=\"https:\/\/www.hotel-apollon-montparnasse.paris\/wp-content\/uploads\/2024\/08\/actu03.jpg 800w, https:\/\/www.hotel-apollon-montparnasse.paris\/wp-content\/uploads\/2024\/08\/actu03-768x432.jpg 768w, https:\/\/www.hotel-apollon-montparnasse.paris\/wp-content\/uploads\/2024\/08\/actu03-640x360.jpg 640w, https:\/\/www.hotel-apollon-montparnasse.paris\/wp-content\/uploads\/2024\/08\/actu03-20x11.jpg 20w, https:\/\/www.hotel-apollon-montparnasse.paris\/wp-content\/uploads\/2024\/08\/actu03-320x180.jpg 320w\" \/>\t\t<\/figure>\n\t\t\t\t<div class=\"post-teaser\">\n      <h2><a \" title=\"EquipHotel Paris\">EquipHotel Paris<\/a><\/h2>\t\t\n\t\t\t<p>El sal\u00f3n internacional para los profesionales del sector de la hosteler\u00eda, la restauraci\u00f3n, la colectividad, etc.<\/p>\n\t\t<aside class=\"cat-container forceleft\">\n\t\t\t\t\t<\/aside>\n\t\t\n\t\t\t\n\t\t<\/div>\n\t<\/article>\n<\/div>\n\t\t\t\t\t\t\t\t\t<div class=\"small-12 medium-6 medium-6 large-3 columns\">\n\t<article itemscope itemtype=\"http:\/\/schema.org\/Article\" class=\"post style1 post-1154 type-post status-publish format-standard has-post-thumbnail hentry category-sin-categorizar\" role=\"article\">\n\t\t\t\t<figure class=\"post-gallery\">\n\t\t\t\t<img loading=\"lazy\" decoding=\"async\" width=\"800\" height=\"450\" src=\"data:image\/gif;base64,R0lGODlhAQABAAAAACH5BAEKAAEALAAAAAABAAEAAAICTAEAOw==\" class=\"attachment-full size-full thb-lazyload lazyload wp-post-image\" alt=\"\" sizes=\"auto, (max-width: 800px) 100vw, 800px\" data-src=\"https:\/\/www.hotel-apollon-montparnasse.paris\/wp-content\/uploads\/2024\/08\/actu04.jpg\" data-sizes=\"auto\" data-srcset=\"https:\/\/www.hotel-apollon-montparnasse.paris\/wp-content\/uploads\/2024\/08\/actu04.jpg 800w, https:\/\/www.hotel-apollon-montparnasse.paris\/wp-content\/uploads\/2024\/08\/actu04-768x432.jpg 768w, https:\/\/www.hotel-apollon-montparnasse.paris\/wp-content\/uploads\/2024\/08\/actu04-640x360.jpg 640w, https:\/\/www.hotel-apollon-montparnasse.paris\/wp-content\/uploads\/2024\/08\/actu04-20x11.jpg 20w, https:\/\/www.hotel-apollon-montparnasse.paris\/wp-content\/uploads\/2024\/08\/actu04-320x180.jpg 320w\" \/>\t\t<\/figure>\n\t\t\t\t<div class=\"post-teaser\">\n      <h2><a \" title=\"Concierto de Myl\u00e8ne Farmer al stade de France\">Concierto de Myl\u00e8ne Farmer al stade de France<\/a><\/h2>\t\t\n\t\t\t<p>Los 27 y 28 septiembre 2024 al stade de France<\/p>\n\t\t<aside class=\"cat-container forceleft\">\n\t\t\t\t\t<\/aside>\n\t\t\n\t\t\t\n\t\t<\/div>\n\t<\/article>\n<\/div>\n\t\t\t\t\t<\/div>\n\t\t[\/vc_column_inner][\/vc_row_inner][vc_row_inner content_placement=\u00bbtop\u00bb css=\u00bb.vc_custom_1716966011843{margin-right: 0px !important;margin-bottom: 70px !important;margin-left: 0px !important;}\u00bb][vc_column_inner width=\u00bb3\/5&#8243; css=\u00bb.vc_custom_1716887821143{border-top-width: 3px !important;border-right-width: 3px !important;border-bottom-width: 3px !important;border-left-width: 3px !important;border-left-color: rgba(0,0,0,0.12) !important;border-left-style: solid !important;border-right-color: rgba(0,0,0,0.12) !important;border-right-style: solid !important;border-top-color: rgba(0,0,0,0.12) !important;border-top-style: solid !important;border-bottom-color: rgba(0,0,0,0.12) !important;border-bottom-style: solid !important;}\u00bb][vc_column_text css=\u00bb.vc_custom_1722861578041{margin-bottom: 0px !important;padding-top: 30px !important;padding-right: 30px !important;padding-bottom: 30px !important;padding-left: 30px !important;}\u00bb]\n<h3><i class=\"fa-solid fa-location-dot\"><\/i> Algunas buenas direcciones cercanas<\/h3>\n<p>La Tour Montparnasse et sa vue \u00e0 360\u00b0 de notre ville, l\u2019Eglise Notre Dame du Travail, le Petit Journal (club de jazz), rue de la Gait\u00e9 et ses th\u00e9\u00e2tres, l\u2019Entrep\u00f4t et son centre culturel, rue des Thermopiles, rue Raymond Losserand et ses petits commerces, Fondation Henri Cartier Bresson, Les Catacombes, Jardins Atlantis et le Mus\u00e9e Jean Moulin.[\/vc_column_text][\/vc_column_inner][vc_column_inner width=\u00bb2\/5&#8243; css=\u00bb.vc_custom_1716887851980{border-top-width: 3px !important;border-right-width: 3px !important;border-bottom-width: 3px !important;border-left-width: 3px !important;border-left-color: rgba(0,0,0,0.11) !important;border-left-style: solid !important;border-right-color: rgba(0,0,0,0.11) !important;border-right-style: solid !important;border-top-color: rgba(0,0,0,0.11) !important;border-top-style: solid !important;border-bottom-color: rgba(0,0,0,0.11) !important;border-bottom-style: solid !important;}\u00bb][vc_column_text css=\u00bb.vc_custom_1722861591060{margin-bottom: 0px !important;padding-top: 30px !important;padding-right: 30px !important;padding-bottom: 30px !important;padding-left: 30px !important;}\u00bb]\n<h3><i class=\"fa-solid fa-utensils fa-lg\"><\/i> Nuestros restaurantes preferidos :<\/h3>\n<p>La Cantine du Troquet, les Bistrotters, l\u2019Entrep\u00f4t, Au M\u00e9tro 14, les Tontons , les Frangines, l\u2019Assiette, Cob\u00e9a, La Cagouille, Il Gallo Nero, Aux Enfants g\u00e2t\u00e9s, Le cornichon, Josselin, Augustin, L\u2019essentiel.[\/vc_column_text][\/vc_column_inner][\/vc_row_inner][\/vc_column][\/vc_row]\n","protected":false},"excerpt":{"rendered":"<p>[vc_row bg_gradient_direction=\u00bb0&#8243; thb_divider_position=\u00bbbottom\u00bb css=\u00bb.vc_custom_1716966750262{background: #000000 url(https:\/\/www.hotel-apollon-montparnasse.paris\/wp-content\/uploads\/2024\/05\/apo-1.jpg?id=619) !important;background-position: center !important;background-repeat: no-repeat !important;background-size: cover !important;}\u00bb el_class=\u00bbsection_top\u00bb bg_gradient1=\u00bbrgba(10,10,10,0.01)\u00bb bg_gradient2=\u00bbrgba(0,0,0,0.38)\u00bb][vc_column][vc_row_inner][vc_column_inner][vc_column_text el_class=\u00bblight titrepage\u00bb] ACTUALIDADES [\/vc_column_text][\/vc_column_inner][\/vc_row_inner][vc_row_inner][vc_column_inner&hellip;<\/p>\n","protected":false},"author":1,"featured_media":0,"parent":0,"menu_order":0,"comment_status":"closed","ping_status":"closed","template":"page-default.php","meta":{"footnotes":""},"class_list":["post-1177","page","type-page","status-publish","hentry"],"_links":{"self":[{"href":"https:\/\/www.hotel-apollon-montparnasse.paris\/es\/wp-json\/wp\/v2\/pages\/1177","targetHints":{"allow":["GET"]}}],"collection":[{"href":"https:\/\/www.hotel-apollon-montparnasse.paris\/es\/wp-json\/wp\/v2\/pages"}],"about":[{"href":"https:\/\/www.hotel-apollon-montparnasse.paris\/es\/wp-json\/wp\/v2\/types\/page"}],"author":[{"embeddable":true,"href":"https:\/\/www.hotel-apollon-montparnasse.paris\/es\/wp-json\/wp\/v2\/users\/1"}],"replies":[{"embeddable":true,"href":"https:\/\/www.hotel-apollon-montparnasse.paris\/es\/wp-json\/wp\/v2\/comments?post=1177"}],"version-history":[{"count":2,"href":"https:\/\/www.hotel-apollon-montparnasse.paris\/es\/wp-json\/wp\/v2\/pages\/1177\/revisions"}],"predecessor-version":[{"id":1181,"href":"https:\/\/www.hotel-apollon-montparnasse.paris\/es\/wp-json\/wp\/v2\/pages\/1177\/revisions\/1181"}],"wp:attachment":[{"href":"https:\/\/www.hotel-apollon-montparnasse.paris\/es\/wp-json\/wp\/v2\/media?parent=1177"}],"curies":[{"name":"wp","href":"https:\/\/api.w.org\/{rel}","templated":true}]}}