{"id":1176,"date":"2024-05-29T09:07:49","date_gmt":"2024-05-29T07:07:49","guid":{"rendered":"https:\/\/www.hotel-apollon-montparnasse.paris\/actualites\/"},"modified":"2024-08-05T14:38:12","modified_gmt":"2024-08-05T12:38:12","slug":"news","status":"publish","type":"page","link":"https:\/\/www.hotel-apollon-montparnasse.paris\/en\/news\/","title":{"rendered":"News"},"content":{"rendered":"[vc_row bg_gradient_direction=&#8221;0&#8243; thb_divider_position=&#8221;bottom&#8221; css=&#8221;.vc_custom_1716966750262{background: #000000 url(https:\/\/www.hotel-apollon-montparnasse.paris\/wp-content\/uploads\/2024\/05\/apo-1.jpg?id=619) !important;background-position: center !important;background-repeat: no-repeat !important;background-size: cover !important;}&#8221; el_class=&#8221;section_top&#8221; bg_gradient1=&#8221;rgba(10,10,10,0.01)&#8221; bg_gradient2=&#8221;rgba(0,0,0,0.38)&#8221;][vc_column][vc_row_inner][vc_column_inner][vc_column_text el_class=&#8221;light titrepage&#8221;]\n<h1 style=\"text-align: center;\">NEWS<\/h1>\n[\/vc_column_text][\/vc_column_inner][\/vc_row_inner][vc_row_inner][vc_column_inner width=&#8221;1\/6&#8243;][\/vc_column_inner][vc_column_inner width=&#8221;2\/3&#8243;][vc_column_text el_class=&#8221;cta ctagrand&#8221;]\n<p style=\"text-align: center;\"><a href=\"#booking\"><i class=\"fa fa-chevron-right animated faa-horizontal \" style=\"color: #fff!important;\" aria-hidden=\"true\"><\/i> Book at the best price<\/a><\/p>\n[\/vc_column_text][\/vc_column_inner][vc_column_inner width=&#8221;1\/6&#8243;][\/vc_column_inner][\/vc_row_inner][\/vc_column][\/vc_row][vc_row bg_gradient_direction=&#8221;-45&#8243; thb_divider_position=&#8221;bottom&#8221; bg_gradient1=&#8221;#efe6dc&#8221; bg_gradient2=&#8221;#ffffff&#8221;][vc_column offset=&#8221;vc_col-lg-offset-1 vc_col-lg-10&#8243;][vc_row_inner content_placement=&#8221;middle&#8221; css=&#8221;.vc_custom_1716887709628{margin-bottom: 10px !important;}&#8221;][vc_column_inner]\t<div id=\"thb-posts-shortcode-69f1e6c7161e1\"  class=\"posts-shortcode align-stretch style1 row  \" data-loadmore=\"#loadmore-508\" data-security=\"69b5ae0a65\">\n\t\t\t\t\t\t\t<div class=\"small-12 medium-6 medium-6 large-3 columns\">\n\t<article itemscope itemtype=\"http:\/\/schema.org\/Article\" class=\"post style1 post-1171 type-post status-publish format-standard has-post-thumbnail hentry category-non-classifiee\" role=\"article\">\n\t\t\t\t<figure class=\"post-gallery\">\n\t\t\t\t<img loading=\"lazy\" decoding=\"async\" width=\"800\" height=\"450\" src=\"data:image\/gif;base64,R0lGODlhAQABAAAAACH5BAEKAAEALAAAAAABAAEAAAICTAEAOw==\" class=\"attachment-full size-full thb-lazyload lazyload wp-post-image\" alt=\"\" sizes=\"auto, (max-width: 800px) 100vw, 800px\" data-src=\"https:\/\/www.hotel-apollon-montparnasse.paris\/wp-content\/uploads\/2024\/08\/actu01.jpg\" data-sizes=\"auto\" data-srcset=\"https:\/\/www.hotel-apollon-montparnasse.paris\/wp-content\/uploads\/2024\/08\/actu01.jpg 800w, https:\/\/www.hotel-apollon-montparnasse.paris\/wp-content\/uploads\/2024\/08\/actu01-768x432.jpg 768w, https:\/\/www.hotel-apollon-montparnasse.paris\/wp-content\/uploads\/2024\/08\/actu01-640x360.jpg 640w, https:\/\/www.hotel-apollon-montparnasse.paris\/wp-content\/uploads\/2024\/08\/actu01-20x11.jpg 20w, https:\/\/www.hotel-apollon-montparnasse.paris\/wp-content\/uploads\/2024\/08\/actu01-320x180.jpg 320w\" \/>\t\t<\/figure>\n\t\t\t\t<div class=\"post-teaser\">\n      <h2><a \" title=\"Paris 2024 Olympic Games\">Paris 2024 Olympic Games<\/a><\/h2>\t\t\n\t\t\t<p>The Paris 2024 Olympic Games will take place from July 26 to August 11, 2024.<\/p>\n\t\t<aside class=\"cat-container forceleft\">\n\t\t\t\t\t<\/aside>\n\t\t\n\t\t\t\n\t\t<\/div>\n\t<\/article>\n<\/div>\n\t\t\t\t\t\t\t\t\t<div class=\"small-12 medium-6 medium-6 large-3 columns\">\n\t<article itemscope itemtype=\"http:\/\/schema.org\/Article\" class=\"post style1 post-1165 type-post status-publish format-standard has-post-thumbnail hentry category-non-classifiee\" role=\"article\">\n\t\t\t\t<figure class=\"post-gallery\">\n\t\t\t\t<img loading=\"lazy\" decoding=\"async\" width=\"800\" height=\"450\" src=\"data:image\/gif;base64,R0lGODlhAQABAAAAACH5BAEKAAEALAAAAAABAAEAAAICTAEAOw==\" class=\"attachment-full size-full thb-lazyload lazyload wp-post-image\" alt=\"\" sizes=\"auto, (max-width: 800px) 100vw, 800px\" data-src=\"https:\/\/www.hotel-apollon-montparnasse.paris\/wp-content\/uploads\/2024\/08\/actu02.jpg\" data-sizes=\"auto\" data-srcset=\"https:\/\/www.hotel-apollon-montparnasse.paris\/wp-content\/uploads\/2024\/08\/actu02.jpg 800w, https:\/\/www.hotel-apollon-montparnasse.paris\/wp-content\/uploads\/2024\/08\/actu02-768x432.jpg 768w, https:\/\/www.hotel-apollon-montparnasse.paris\/wp-content\/uploads\/2024\/08\/actu02-640x360.jpg 640w, https:\/\/www.hotel-apollon-montparnasse.paris\/wp-content\/uploads\/2024\/08\/actu02-20x11.jpg 20w, https:\/\/www.hotel-apollon-montparnasse.paris\/wp-content\/uploads\/2024\/08\/actu02-320x180.jpg 320w\" \/>\t\t<\/figure>\n\t\t\t\t<div class=\"post-teaser\">\n      <h2><a \" title=\"Paris 2024 Paralympic Games\">Paris 2024 Paralympic Games<\/a><\/h2>\t\t\n\t\t\t<p>The Paralympic Games will take place from August 28 to September 8, 2024.<\/p>\n\t\t<aside class=\"cat-container forceleft\">\n\t\t\t\t\t<\/aside>\n\t\t\n\t\t\t\n\t\t<\/div>\n\t<\/article>\n<\/div>\n\t\t\t\t\t\t\t\t\t<div class=\"small-12 medium-6 medium-6 large-3 columns\">\n\t<article itemscope itemtype=\"http:\/\/schema.org\/Article\" class=\"post style1 post-1159 type-post status-publish format-standard has-post-thumbnail hentry category-non-classifiee\" role=\"article\">\n\t\t\t\t<figure class=\"post-gallery\">\n\t\t\t\t<img loading=\"lazy\" decoding=\"async\" width=\"800\" height=\"450\" src=\"data:image\/gif;base64,R0lGODlhAQABAAAAACH5BAEKAAEALAAAAAABAAEAAAICTAEAOw==\" class=\"attachment-full size-full thb-lazyload lazyload wp-post-image\" alt=\"\" sizes=\"auto, (max-width: 800px) 100vw, 800px\" data-src=\"https:\/\/www.hotel-apollon-montparnasse.paris\/wp-content\/uploads\/2024\/08\/actu03.jpg\" data-sizes=\"auto\" data-srcset=\"https:\/\/www.hotel-apollon-montparnasse.paris\/wp-content\/uploads\/2024\/08\/actu03.jpg 800w, https:\/\/www.hotel-apollon-montparnasse.paris\/wp-content\/uploads\/2024\/08\/actu03-768x432.jpg 768w, https:\/\/www.hotel-apollon-montparnasse.paris\/wp-content\/uploads\/2024\/08\/actu03-640x360.jpg 640w, https:\/\/www.hotel-apollon-montparnasse.paris\/wp-content\/uploads\/2024\/08\/actu03-20x11.jpg 20w, https:\/\/www.hotel-apollon-montparnasse.paris\/wp-content\/uploads\/2024\/08\/actu03-320x180.jpg 320w\" \/>\t\t<\/figure>\n\t\t\t\t<div class=\"post-teaser\">\n      <h2><a \" title=\"EquipHotel Paris\">EquipHotel Paris<\/a><\/h2>\t\t\n\t\t\t<p>The international exhibition for professionals in the hotel, catering and community sectors, etc.<\/p>\n\t\t<aside class=\"cat-container forceleft\">\n\t\t\t\t\t<\/aside>\n\t\t\n\t\t\t\n\t\t<\/div>\n\t<\/article>\n<\/div>\n\t\t\t\t\t\t\t\t\t<div class=\"small-12 medium-6 medium-6 large-3 columns\">\n\t<article itemscope itemtype=\"http:\/\/schema.org\/Article\" class=\"post style1 post-1153 type-post status-publish format-standard has-post-thumbnail hentry category-non-classifiee\" role=\"article\">\n\t\t\t\t<figure class=\"post-gallery\">\n\t\t\t\t<img loading=\"lazy\" decoding=\"async\" width=\"800\" height=\"450\" src=\"data:image\/gif;base64,R0lGODlhAQABAAAAACH5BAEKAAEALAAAAAABAAEAAAICTAEAOw==\" class=\"attachment-full size-full thb-lazyload lazyload wp-post-image\" alt=\"\" sizes=\"auto, (max-width: 800px) 100vw, 800px\" data-src=\"https:\/\/www.hotel-apollon-montparnasse.paris\/wp-content\/uploads\/2024\/08\/actu04.jpg\" data-sizes=\"auto\" data-srcset=\"https:\/\/www.hotel-apollon-montparnasse.paris\/wp-content\/uploads\/2024\/08\/actu04.jpg 800w, https:\/\/www.hotel-apollon-montparnasse.paris\/wp-content\/uploads\/2024\/08\/actu04-768x432.jpg 768w, https:\/\/www.hotel-apollon-montparnasse.paris\/wp-content\/uploads\/2024\/08\/actu04-640x360.jpg 640w, https:\/\/www.hotel-apollon-montparnasse.paris\/wp-content\/uploads\/2024\/08\/actu04-20x11.jpg 20w, https:\/\/www.hotel-apollon-montparnasse.paris\/wp-content\/uploads\/2024\/08\/actu04-320x180.jpg 320w\" \/>\t\t<\/figure>\n\t\t\t\t<div class=\"post-teaser\">\n      <h2><a \" title=\"Concert of Myl\u00e8ne Farmer at the stade de France\">Concert of Myl\u00e8ne Farmer at the stade de France<\/a><\/h2>\t\t\n\t\t\t<p>September 27 and 28, 2024 at the Stade de France<\/p>\n\t\t<aside class=\"cat-container forceleft\">\n\t\t\t\t\t<\/aside>\n\t\t\n\t\t\t\n\t\t<\/div>\n\t<\/article>\n<\/div>\n\t\t\t\t\t<\/div>\n\t\t[\/vc_column_inner][\/vc_row_inner][vc_row_inner content_placement=&#8221;top&#8221; css=&#8221;.vc_custom_1716966011843{margin-right: 0px !important;margin-bottom: 70px !important;margin-left: 0px !important;}&#8221;][vc_column_inner width=&#8221;3\/5&#8243; css=&#8221;.vc_custom_1716887821143{border-top-width: 3px !important;border-right-width: 3px !important;border-bottom-width: 3px !important;border-left-width: 3px !important;border-left-color: rgba(0,0,0,0.12) !important;border-left-style: solid !important;border-right-color: rgba(0,0,0,0.12) !important;border-right-style: solid !important;border-top-color: rgba(0,0,0,0.12) !important;border-top-style: solid !important;border-bottom-color: rgba(0,0,0,0.12) !important;border-bottom-style: solid !important;}&#8221;][vc_column_text css=&#8221;.vc_custom_1722861476827{margin-bottom: 0px !important;padding-top: 30px !important;padding-right: 30px !important;padding-bottom: 30px !important;padding-left: 30px !important;}&#8221;]\n<h3><i class=\"fa-solid fa-location-dot\"><\/i> Few good addresses in the area<\/h3>\n<p>La Tour Montparnasse et sa vue \u00e0 360\u00b0 de notre ville, l\u2019Eglise Notre Dame du Travail, le Petit Journal (club de jazz), rue de la Gait\u00e9 et ses th\u00e9\u00e2tres, l\u2019Entrep\u00f4t et son centre culturel, rue des Thermopiles, rue Raymond Losserand et ses petits commerces, Fondation Henri Cartier Bresson, Les Catacombes, Jardins Atlantis et le Mus\u00e9e Jean Moulin.[\/vc_column_text][\/vc_column_inner][vc_column_inner width=&#8221;2\/5&#8243; css=&#8221;.vc_custom_1716887851980{border-top-width: 3px !important;border-right-width: 3px !important;border-bottom-width: 3px !important;border-left-width: 3px !important;border-left-color: rgba(0,0,0,0.11) !important;border-left-style: solid !important;border-right-color: rgba(0,0,0,0.11) !important;border-right-style: solid !important;border-top-color: rgba(0,0,0,0.11) !important;border-top-style: solid !important;border-bottom-color: rgba(0,0,0,0.11) !important;border-bottom-style: solid !important;}&#8221;][vc_column_text css=&#8221;.vc_custom_1722861490009{margin-bottom: 0px !important;padding-top: 30px !important;padding-right: 30px !important;padding-bottom: 30px !important;padding-left: 30px !important;}&#8221;]\n<h3><i class=\"fa-solid fa-utensils fa-lg\"><\/i> Our favorite restaurants in the area :<\/h3>\n<p>La Cantine du Troquet, les Bistrotters, l\u2019Entrep\u00f4t, Au M\u00e9tro 14, les Tontons , les Frangines, l\u2019Assiette, Cob\u00e9a, La Cagouille, Il Gallo Nero, Aux Enfants g\u00e2t\u00e9s, Le cornichon, Josselin, Augustin, L\u2019essentiel.[\/vc_column_text][\/vc_column_inner][\/vc_row_inner][\/vc_column][\/vc_row]\n","protected":false},"excerpt":{"rendered":"<p>[vc_row bg_gradient_direction=&#8221;0&#8243; thb_divider_position=&#8221;bottom&#8221; css=&#8221;.vc_custom_1716966750262{background: #000000 url(https:\/\/www.hotel-apollon-montparnasse.paris\/wp-content\/uploads\/2024\/05\/apo-1.jpg?id=619) !important;background-position: center !important;background-repeat: no-repeat !important;background-size: cover !important;}&#8221; el_class=&#8221;section_top&#8221; bg_gradient1=&#8221;rgba(10,10,10,0.01)&#8221; bg_gradient2=&#8221;rgba(0,0,0,0.38)&#8221;][vc_column][vc_row_inner][vc_column_inner][vc_column_text el_class=&#8221;light titrepage&#8221;] NEWS [\/vc_column_text][\/vc_column_inner][\/vc_row_inner][vc_row_inner][vc_column_inner&hellip;<\/p>\n","protected":false},"author":1,"featured_media":0,"parent":0,"menu_order":0,"comment_status":"closed","ping_status":"closed","template":"page-default.php","meta":{"footnotes":""},"class_list":["post-1176","page","type-page","status-publish","hentry"],"_links":{"self":[{"href":"https:\/\/www.hotel-apollon-montparnasse.paris\/en\/wp-json\/wp\/v2\/pages\/1176","targetHints":{"allow":["GET"]}}],"collection":[{"href":"https:\/\/www.hotel-apollon-montparnasse.paris\/en\/wp-json\/wp\/v2\/pages"}],"about":[{"href":"https:\/\/www.hotel-apollon-montparnasse.paris\/en\/wp-json\/wp\/v2\/types\/page"}],"author":[{"embeddable":true,"href":"https:\/\/www.hotel-apollon-montparnasse.paris\/en\/wp-json\/wp\/v2\/users\/1"}],"replies":[{"embeddable":true,"href":"https:\/\/www.hotel-apollon-montparnasse.paris\/en\/wp-json\/wp\/v2\/comments?post=1176"}],"version-history":[{"count":2,"href":"https:\/\/www.hotel-apollon-montparnasse.paris\/en\/wp-json\/wp\/v2\/pages\/1176\/revisions"}],"predecessor-version":[{"id":1179,"href":"https:\/\/www.hotel-apollon-montparnasse.paris\/en\/wp-json\/wp\/v2\/pages\/1176\/revisions\/1179"}],"wp:attachment":[{"href":"https:\/\/www.hotel-apollon-montparnasse.paris\/en\/wp-json\/wp\/v2\/media?parent=1176"}],"curies":[{"name":"wp","href":"https:\/\/api.w.org\/{rel}","templated":true}]}}