{"id":1131,"date":"2024-05-27T19:16:30","date_gmt":"2024-05-27T17:16:30","guid":{"rendered":"https:\/\/www.hotel-apollon-montparnasse.paris\/plans-acces\/"},"modified":"2025-04-15T12:48:02","modified_gmt":"2025-04-15T10:48:02","slug":"map-access","status":"publish","type":"page","link":"https:\/\/www.hotel-apollon-montparnasse.paris\/en\/map-access\/","title":{"rendered":"Map &#038; access"},"content":{"rendered":"[vc_row bg_gradient_direction=&#8221;0&#8243; thb_divider_position=&#8221;bottom&#8221; css=&#8221;.vc_custom_1720545416317{background: #000000 url(https:\/\/www.hotel-apollon-montparnasse.paris\/wp-content\/uploads\/2024\/02\/ref.jpg?id=407) !important;background-position: center !important;background-repeat: no-repeat !important;background-size: cover !important;}&#8221; el_class=&#8221;section_top&#8221; bg_gradient1=&#8221;rgba(10,10,10,0.01)&#8221; bg_gradient2=&#8221;rgba(0,0,0,0.38)&#8221;][vc_column][vc_row_inner][vc_column_inner][vc_column_text el_class=&#8221;light titrepage&#8221;]\n<h1 style=\"text-align: center;\">MAP &amp; ACCESS<\/h1>\n[\/vc_column_text][\/vc_column_inner][\/vc_row_inner][vc_row_inner][vc_column_inner width=&#8221;1\/6&#8243;][\/vc_column_inner][vc_column_inner width=&#8221;2\/3&#8243;][vc_column_text el_class=&#8221;cta ctagrand&#8221;]\n<p style=\"text-align: center;\"><a href=\"#booking\"><i class=\"fa fa-chevron-right animated faa-horizontal \" style=\"color: #fff!important;\" aria-hidden=\"true\"><\/i> Book at the best price<\/a><\/p>\n[\/vc_column_text][\/vc_column_inner][vc_column_inner width=&#8221;1\/6&#8243;][\/vc_column_inner][\/vc_row_inner][\/vc_column][\/vc_row][vc_row bg_gradient_direction=&#8221;-45&#8243; thb_divider_position=&#8221;bottom&#8221; bg_gradient1=&#8221;#efe6dc&#8221; bg_gradient2=&#8221;#ffffff&#8221;][vc_column offset=&#8221;vc_col-lg-offset-1 vc_col-lg-10&#8243;][vc_row_inner content_placement=&#8221;middle&#8221; css=&#8221;.vc_custom_1716887709628{margin-bottom: 10px !important;}&#8221;][vc_column_inner][vc_column_text css=&#8221;.vc_custom_1722858051121{margin-bottom: 0px !important;}&#8221;]\n<h2 style=\"text-transform: uppercase; text-align: center;\">HOW TO GET TO THE HOTEL<\/h2>\n[\/vc_column_text][\/vc_column_inner][\/vc_row_inner][vc_row_inner thb_column_padding=&#8221;true&#8221; content_placement=&#8221;middle&#8221;][vc_column_inner width=&#8221;1\/2&#8243;][vc_column_text css=&#8221;.vc_custom_1716887734743{margin-bottom: 0px !important;border-top-width: 3px !important;border-right-width: 3px !important;border-bottom-width: 3px !important;border-left-width: 3px !important;padding-top: 25px !important;padding-right: 10px !important;padding-bottom: 15px !important;padding-left: 10px !important;background-color: rgba(255,255,255,0.64) !important;*background-color: rgb(255,255,255) !important;border-left-color: rgba(0,0,0,0.12) !important;border-left-style: solid !important;border-right-color: rgba(0,0,0,0.12) !important;border-right-style: solid !important;border-top-color: rgba(0,0,0,0.12) !important;border-top-style: solid !important;border-bottom-color: rgba(0,0,0,0.12) !important;border-bottom-style: solid !important;}&#8221;]\n<p class=\"tall\" style=\"text-align: left;\"><strong>91, rue de l\u2019Ouest 75014 Paris<\/strong><\/p>\n<p><iframe loading=\"lazy\" style=\"border: 0;\" src=\"https:\/\/www.google.com\/maps\/embed?pb=!1m18!1m12!1m3!1d2626.229200184869!2d2.314468677136843!3d48.83476667132889!2m3!1f0!2f0!3f0!3m2!1i1024!2i768!4f13.1!3m3!1m2!1s0x47e6704a5a373b3d%3A0xd5409cd201a380e2!2s91%20Rue%20de%20l'Ouest%2C%2075014%20Paris%2C%20France!5e0!3m2!1sen!2ses!4v1716878171933!5m2!1sen!2ses\" width=\"100%\" height=\"450\" allowfullscreen=\"allowfullscreen\"><\/iframe>[\/vc_column_text][\/vc_column_inner][vc_column_inner width=&#8221;1\/2&#8243;][vc_column_text css=&#8221;.vc_custom_1722858176725{border-top-width: 3px !important;border-right-width: 3px !important;border-bottom-width: 3px !important;border-left-width: 3px !important;padding-top: 30px !important;padding-right: 30px !important;padding-bottom: 30px !important;padding-left: 30px !important;border-left-color: rgba(0,0,0,0.13) !important;border-left-style: solid !important;border-right-color: rgba(0,0,0,0.13) !important;border-right-style: solid !important;border-top-color: rgba(0,0,0,0.13) !important;border-top-style: solid !important;border-bottom-color: rgba(0,0,0,0.13) !important;border-bottom-style: solid !important;}&#8221;]\n<h3>COMING BY SUBWAY<\/h3>\n<p><img decoding=\"async\" class=\"size-full wp-image-572 alignnone lazyload\" src=\"data:image\/gif;base64,R0lGODlhAQABAAAAACH5BAEKAAEALAAAAAABAAEAAAICTAEAOw==\" data-src=\"https:\/\/www.hotel-apollon-montparnasse.paris\/wp-content\/uploads\/2024\/05\/metro.png\" alt=\"\" width=\"450\" \/><\/p>\n<p style=\"text-align: left;\"><strong>Pern\u00e9ty station (line 13), <\/strong>direct from Montparnasse train station, St Lazare train station, Invalides, Champs Elys\u00e9es, Haussmann department stores and Stade de France<\/p>\n[\/vc_column_text][vc_column_text css=&#8221;.vc_custom_1722858244117{margin-bottom: 0px !important;border-top-width: 3px !important;border-right-width: 3px !important;border-bottom-width: 3px !important;border-left-width: 3px !important;padding-top: 30px !important;padding-right: 30px !important;padding-bottom: 30px !important;padding-left: 30px !important;border-left-color: rgba(0,0,0,0.13) !important;border-left-style: solid !important;border-right-color: rgba(0,0,0,0.13) !important;border-right-style: solid !important;border-top-color: rgba(0,0,0,0.13) !important;border-top-style: solid !important;border-bottom-color: rgba(0,0,0,0.13) !important;border-bottom-style: solid !important;}&#8221;]\n<h3>COMING BY BUS<\/h3>\n<p><img decoding=\"async\" class=\"size-full wp-image-572 alignnone lazyload\" src=\"data:image\/gif;base64,R0lGODlhAQABAAAAACH5BAEKAAEALAAAAAABAAEAAAICTAEAOw==\" data-src=\"https:\/\/www.hotel-apollon-montparnasse.paris\/wp-content\/uploads\/2024\/05\/bus.png\" alt=\"\" width=\"350\" data-sizes=\"auto\" data-srcset=\"https:\/\/www.hotel-apollon-montparnasse.paris\/wp-content\/uploads\/2024\/05\/bus.png 715w, https:\/\/www.hotel-apollon-montparnasse.paris\/wp-content\/uploads\/2024\/05\/bus-640x90.png 640w, https:\/\/www.hotel-apollon-montparnasse.paris\/wp-content\/uploads\/2024\/05\/bus-320x45.png 320w, https:\/\/www.hotel-apollon-montparnasse.paris\/wp-content\/uploads\/2024\/05\/bus-20x3.png 20w\" sizes=\"(max-width: 715px) 100vw, 715px\" \/><\/p>\n<p style=\"text-align: left;\"><strong>These buses lines are all bringing you close to the Hotel <\/strong>and will bring you directly to aux Invalides, Orsay Museum, Champs Elys\u00e9es, St Lazare train station, Luxembourg Garden, St Germain des Pr\u00e9s, Ch\u00e2telet, Pompidou center, Louvre Museum, Op\u00e9ra Garnier, Haussmann department stores<\/p>\n[\/vc_column_text][\/vc_column_inner][\/vc_row_inner][vc_row_inner thb_column_padding=&#8221;true&#8221; content_placement=&#8221;middle&#8221;][vc_column_inner width=&#8221;1\/2&#8243;][vc_column_text css=&#8221;.vc_custom_1729010796730{border-top-width: 3px !important;border-right-width: 3px !important;border-bottom-width: 3px !important;border-left-width: 3px !important;padding-top: 30px !important;padding-right: 30px !important;padding-bottom: 30px !important;padding-left: 30px !important;border-left-color: rgba(0,0,0,0.13) !important;border-left-style: solid !important;border-right-color: rgba(0,0,0,0.13) !important;border-right-style: solid !important;border-top-color: rgba(0,0,0,0.13) !important;border-top-style: solid !important;border-bottom-color: rgba(0,0,0,0.13) !important;border-bottom-style: solid !important;}&#8221;]\n<h3>COMING BY CAR<\/h3>\n<p><img decoding=\"async\" class=\"size-full wp-image-572 alignnone lazyload\" src=\"data:image\/gif;base64,R0lGODlhAQABAAAAACH5BAEKAAEALAAAAAABAAEAAAICTAEAOw==\" data-src=\"https:\/\/www.hotel-apollon-montparnasse.paris\/wp-content\/uploads\/2024\/10\/auto.png\" alt=\"\" width=\"350\" \/><\/p>\n<p style=\"text-align: left;\">Parking spots in an independent private underground car park, 30 meters from the hotel. Book directly with us : <strong>22 euros for the 24h<\/strong><\/p>\n[\/vc_column_text][vc_column_text css=&#8221;.vc_custom_1722859441346{margin-bottom: 0px !important;border-top-width: 3px !important;border-right-width: 3px !important;border-bottom-width: 3px !important;border-left-width: 3px !important;padding-top: 30px !important;padding-right: 30px !important;padding-bottom: 30px !important;padding-left: 30px !important;border-left-color: rgba(0,0,0,0.13) !important;border-left-style: solid !important;border-right-color: rgba(0,0,0,0.13) !important;border-right-style: solid !important;border-top-color: rgba(0,0,0,0.13) !important;border-top-style: solid !important;border-bottom-color: rgba(0,0,0,0.13) !important;border-bottom-style: solid !important;}&#8221;]\n<h3>TRANSPORTATION FROM CHARLES DE GAULLE AIRPORT<\/h3>\n<p><img decoding=\"async\" class=\"size-full wp-image-572 alignnone lazyload\" src=\"data:image\/gif;base64,R0lGODlhAQABAAAAACH5BAEKAAEALAAAAAABAAEAAAICTAEAOw==\" data-src=\"https:\/\/www.hotel-apollon-montparnasse.paris\/wp-content\/uploads\/2024\/05\/logo_cdg.png\" alt=\"\" width=\"350\" \/><\/p>\n<p style=\"text-align: left;\"><strong><a href=\"https:\/\/www.lescarsairfrance.com\/en.html\" target=\"_blank\" rel=\"noopener\">Air France Bus<\/a>, <\/strong>which will bring you to Gare Montparnasse. Then it is 5 minutes walking to the hotel<\/p>\n[\/vc_column_text][\/vc_column_inner][vc_column_inner width=&#8221;1\/2&#8243;][vc_column_text css=&#8221;.vc_custom_1722859562228{border-top-width: 3px !important;border-right-width: 3px !important;border-bottom-width: 3px !important;border-left-width: 3px !important;padding-top: 30px !important;padding-right: 30px !important;padding-bottom: 30px !important;padding-left: 30px !important;border-left-color: rgba(0,0,0,0.13) !important;border-left-style: solid !important;border-right-color: rgba(0,0,0,0.13) !important;border-right-style: solid !important;border-top-color: rgba(0,0,0,0.13) !important;border-top-style: solid !important;border-bottom-color: rgba(0,0,0,0.13) !important;border-bottom-style: solid !important;}&#8221;]\n<h3>TRANSPORTATION FROM ORLY AIRPORT<\/h3>\n<p><img decoding=\"async\" class=\"size-full wp-image-572 alignnone lazyload\" src=\"data:image\/gif;base64,R0lGODlhAQABAAAAACH5BAEKAAEALAAAAAABAAEAAAICTAEAOw==\" data-src=\"https:\/\/www.hotel-apollon-montparnasse.paris\/wp-content\/uploads\/2024\/05\/logo_orly.png\" alt=\"\" width=\"350\" \/><\/p>\n<p style=\"text-align: left;\"><strong><a href=\"https:\/\/www.lescarsairfrance.com\/en.html\" target=\"_blank\" rel=\"noopener\">Air France Bus<\/a>, <\/strong>which will bring you to Gare Montparnasse. Then it is 5 minutes walking to the hotel<\/p>\n<p style=\"text-align: left;\"><strong>Orlyval (<a href=\"https:\/\/www.orlyval.com\" target=\"_blank\" rel=\"noopener\">www.orlyval.com<\/a>)<\/strong> until Antony station then RER B (direction Paris) until Saint Michel Notre Dame and then line 10 (direction Boulogne) until S\u00e8vres-Babylone station<\/p>\n<p style=\"text-align: left;\"><strong>ORLYBUS (<a href=\"https:\/\/www.ratp.fr\" target=\"_blank\" rel=\"noopener\">www.ratp.fr<\/a>)<\/strong> which will take you to Denfert-Rochereau from where you can take bus 68 to S\u00e8vres Babylone station or line 4 (direction Porte de Clignancourt) to Saint Sulpice<\/p>\n[\/vc_column_text][\/vc_column_inner][\/vc_row_inner][vc_row_inner thb_column_padding=&#8221;true&#8221; content_placement=&#8221;middle&#8221;][vc_column_inner][vc_column_text css=&#8221;.vc_custom_1744714068454{border-top-width: 3px !important;border-right-width: 3px !important;border-bottom-width: 3px !important;border-left-width: 3px !important;padding-top: 30px !important;padding-right: 30px !important;padding-bottom: 30px !important;padding-left: 30px !important;border-left-color: rgba(0,0,0,0.13) !important;border-left-style: solid !important;border-right-color: rgba(0,0,0,0.13) !important;border-right-style: solid !important;border-top-color: rgba(0,0,0,0.13) !important;border-top-style: solid !important;border-bottom-color: rgba(0,0,0,0.13) !important;border-bottom-style: solid !important;}&#8221;]\n<h3>Getting around<\/h3>\n<p style=\"text-align: left;\">Bike-sharing and car-sharing station just 10 meters from the hotel. Metro station, bus stops, and Montparnasse train station are nearby, and you can also order a taxi.<\/p>\n[\/vc_column_text][\/vc_column_inner][\/vc_row_inner][vc_row_inner content_placement=&#8221;middle&#8221; disable_element=&#8221;yes&#8221; css=&#8221;.vc_custom_1716965002443{margin-right: 0px !important;margin-bottom: 70px !important;margin-left: 0px !important;}&#8221;][vc_column_inner width=&#8221;1\/3&#8243; css=&#8221;.vc_custom_1716887821143{border-top-width: 3px !important;border-right-width: 3px !important;border-bottom-width: 3px !important;border-left-width: 3px !important;border-left-color: rgba(0,0,0,0.12) !important;border-left-style: solid !important;border-right-color: rgba(0,0,0,0.12) !important;border-right-style: solid !important;border-top-color: rgba(0,0,0,0.12) !important;border-top-style: solid !important;border-bottom-color: rgba(0,0,0,0.12) !important;border-bottom-style: solid !important;}&#8221;][vc_column_text css=&#8221;.vc_custom_1716964448016{margin-bottom: 0px !important;padding-top: 30px !important;padding-right: 30px !important;padding-bottom: 30px !important;padding-left: 30px !important;}&#8221;]\n<h3>VENIR EN VOITURE<\/h3>\n<p style=\"text-align: left;\">Places de parking r\u00e9serv\u00e9es pour l\u2019h\u00f4tel dans un <strong>parking priv\u00e9<\/strong>, ind\u00e9pendant de l\u2019h\u00f4tel, situ\u00e9 \u00e0 30 m\u00e8tres. R\u00e9servez votre place via l\u2019h\u00f4tel directement : <strong>20 euros les 24h.<\/strong><\/p>\n[\/vc_column_text][\/vc_column_inner][vc_column_inner width=&#8221;1\/3&#8243; css=&#8221;.vc_custom_1716887851980{border-top-width: 3px !important;border-right-width: 3px !important;border-bottom-width: 3px !important;border-left-width: 3px !important;border-left-color: rgba(0,0,0,0.11) !important;border-left-style: solid !important;border-right-color: rgba(0,0,0,0.11) !important;border-right-style: solid !important;border-top-color: rgba(0,0,0,0.11) !important;border-top-style: solid !important;border-bottom-color: rgba(0,0,0,0.11) !important;border-bottom-style: solid !important;}&#8221;][vc_column_text css=&#8221;.vc_custom_1716964497771{margin-bottom: 0px !important;padding-top: 30px !important;padding-right: 30px !important;padding-bottom: 30px !important;padding-left: 30px !important;}&#8221;]\n<h3>DEPUIS L\u2019A\u00c9ROPORT CHARLES DE GAULLE<\/h3>\n<p><img decoding=\"async\" class=\"size-full wp-image-572 alignnone lazyload\" src=\"data:image\/gif;base64,R0lGODlhAQABAAAAACH5BAEKAAEALAAAAAABAAEAAAICTAEAOw==\" data-src=\"https:\/\/www.hotel-apollon-montparnasse.paris\/wp-content\/uploads\/2024\/05\/logo_cdg.png\" alt=\"\" width=\"350\" \/><\/p>\n<p style=\"text-align: left;\"><strong>Bus Air France (<a href=\"https:\/\/www.lescarsairfrance.com\">www.lescarsairfrance.com<\/a>), <\/strong>qui vous conduiront jusqu\u2019\u00e0 la Gare Montparnasse. <strong>Depuis la Gare Montparnasse, 5 minutes de marche de l\u2019h\u00f4tel<\/strong><\/p>\n[\/vc_column_text][\/vc_column_inner][vc_column_inner width=&#8221;1\/3&#8243; css=&#8221;.vc_custom_1716888054860{border-top-width: 3px !important;border-right-width: 3px !important;border-bottom-width: 3px !important;border-left-width: 3px !important;border-left-color: rgba(0,0,0,0.11) !important;border-left-style: solid !important;border-right-color: rgba(0,0,0,0.11) !important;border-right-style: solid !important;border-top-color: rgba(0,0,0,0.11) !important;border-top-style: solid !important;border-bottom-color: rgba(0,0,0,0.11) !important;border-bottom-style: solid !important;}&#8221;][vc_column_text css=&#8221;.vc_custom_1716964246981{margin-bottom: 0px !important;padding-top: 30px !important;padding-right: 30px !important;padding-bottom: 30px !important;padding-left: 30px !important;}&#8221;]\n<h3>DEPUIS L\u2019A\u00c9ROPORT D\u2019ORLY<\/h3>\n<p><img decoding=\"async\" class=\"size-full wp-image-572 alignnone lazyload\" src=\"data:image\/gif;base64,R0lGODlhAQABAAAAACH5BAEKAAEALAAAAAABAAEAAAICTAEAOw==\" data-src=\"https:\/\/www.hotel-apollon-montparnasse.paris\/wp-content\/uploads\/2024\/05\/logo_orly.png\" alt=\"\" width=\"350\" \/><\/p>\n<p style=\"text-align: left;\"><strong>Bus Air France (<a href=\"https:\/\/www.lescarsairfrance.com\" target=\"_blank\" rel=\"noopener\">www.lescarsairfrance.com<\/a>)<\/strong>, qui vous conduiront jusqu\u2019\u00e0 la Gare Montparnasse.\u2028Depuis la Gare Montparnasse, 5 minutes de marche de l\u2019h\u00f4tel.<br \/>\n<strong>OU Orlyval (<a href=\"https:\/\/www.orlyval.com\" target=\"_blank\" rel=\"noopener\">www.orlyval.com<\/a>)<\/strong> jusqu\u2019\u00e0 la station Antony puis le RER B (direction Paris) jusqu\u2019\u00e0 Saint Michel Notre Dame et la ligne 10 (direction Boulogne) jusqu\u2019\u00e0 la station S\u00e8vres-Babylone<br \/>\n<strong>OU ORLYBUS (<a href=\"https:\/\/www.ratp.fr\" target=\"_blank\" rel=\"noopener\">www.ratp.fr<\/a>)<\/strong> qui vous conduira jusqu\u2019\u00e0 Denfert-Rochereau d\u2019o\u00f9 vous pourrez prendre le bus 68 jusqu\u2019\u00e0 la station S\u00e8vres Babylone ou la ligne 4 (direction Porte de Clignancourt) jusqu\u2019\u00e0 Saint Sulpice[\/vc_column_text][\/vc_column_inner][\/vc_row_inner][vc_row_inner thb_column_padding=&#8221;true&#8221; content_placement=&#8221;middle&#8221; css=&#8221;.vc_custom_1716965260320{margin-top: 70px !important;margin-bottom: 70px !important;}&#8221;][vc_column_inner width=&#8221;1\/2&#8243;][vc_column_text css=&#8221;.vc_custom_1716965619519{margin-bottom: 0px !important;}&#8221;]<img loading=\"lazy\" decoding=\"async\" class=\"size-full wp-image-547 aligncenter lazyload\" src=\"data:image\/gif;base64,R0lGODlhAQABAAAAACH5BAEKAAEALAAAAAABAAEAAAICTAEAOw==\" data-src=\"https:\/\/www.hotel-apollon-montparnasse.paris\/wp-content\/uploads\/2024\/05\/apollon-1.png\" alt=\"\" width=\"1195\" height=\"919\" \/>[\/vc_column_text][\/vc_column_inner][vc_column_inner width=&#8221;1\/2&#8243;][vc_column_text css=&#8221;.vc_custom_1722859614715{margin-bottom: 40px !important;margin-left: -75px !important;padding-top: 30px !important;padding-right: 30px !important;padding-bottom: 30px !important;padding-left: 30px !important;background-color: #ffffff !important;}&#8221;]\n<h2>OUR NEIGHBORHOOD \u00ab MONTPARNASSE ARTY\u00bb<\/h2>\n<p>Our neighborhood \u201c<strong>Pernety<\/strong>\u201d keeps the village and artistic spirit of early 1900s.<br \/>\nThis arty and friendly atmosphere will charm you, with its little bistros, restaurants and market streets.<br \/>\nAll this will give you a real feeling of sharing the Parisian \u201cart de vivre\u201d. A stone\u2019s throw from the theaters, cinemas and jazz clubs of Montparnasse, the Pernety village offers a charming cultural and culinary experience in the heart of Paris.[\/vc_column_text][\/vc_column_inner][\/vc_row_inner][vc_row_inner content_placement=&#8221;top&#8221; css=&#8221;.vc_custom_1716966011843{margin-right: 0px !important;margin-bottom: 70px !important;margin-left: 0px !important;}&#8221;][vc_column_inner width=&#8221;3\/5&#8243; css=&#8221;.vc_custom_1716887821143{border-top-width: 3px !important;border-right-width: 3px !important;border-bottom-width: 3px !important;border-left-width: 3px !important;border-left-color: rgba(0,0,0,0.12) !important;border-left-style: solid !important;border-right-color: rgba(0,0,0,0.12) !important;border-right-style: solid !important;border-top-color: rgba(0,0,0,0.12) !important;border-top-style: solid !important;border-bottom-color: rgba(0,0,0,0.12) !important;border-bottom-style: solid !important;}&#8221;][vc_column_text css=&#8221;.vc_custom_1722859634121{margin-bottom: 0px !important;padding-top: 30px !important;padding-right: 30px !important;padding-bottom: 30px !important;padding-left: 30px !important;}&#8221;]\n<h3><i class=\"fa-solid fa-location-dot\"><\/i> Few good addresses in the area<\/h3>\n<p>La Tour Montparnasse et sa vue \u00e0 360\u00b0 de notre ville, l\u2019Eglise Notre Dame du Travail, le Petit Journal (club de jazz), rue de la Gait\u00e9 et ses th\u00e9\u00e2tres, l\u2019Entrep\u00f4t et son centre culturel, rue des Thermopiles, rue Raymond Losserand et ses petits commerces, Fondation Henri Cartier Bresson, Les Catacombes, Jardins Atlantis et le Mus\u00e9e Jean Moulin.[\/vc_column_text][\/vc_column_inner][vc_column_inner width=&#8221;2\/5&#8243; css=&#8221;.vc_custom_1716887851980{border-top-width: 3px !important;border-right-width: 3px !important;border-bottom-width: 3px !important;border-left-width: 3px !important;border-left-color: rgba(0,0,0,0.11) !important;border-left-style: solid !important;border-right-color: rgba(0,0,0,0.11) !important;border-right-style: solid !important;border-top-color: rgba(0,0,0,0.11) !important;border-top-style: solid !important;border-bottom-color: rgba(0,0,0,0.11) !important;border-bottom-style: solid !important;}&#8221;][vc_column_text css=&#8221;.vc_custom_1722859650680{margin-bottom: 0px !important;padding-top: 30px !important;padding-right: 30px !important;padding-bottom: 30px !important;padding-left: 30px !important;}&#8221;]\n<h3><i class=\"fa-solid fa-utensils fa-lg\"><\/i> Our favorite restaurants in the area :<\/h3>\n<p>La Cantine du Troquet, les Bistrotters, l\u2019Entrep\u00f4t, Au M\u00e9tro 14, les Tontons , les Frangines, l\u2019Assiette, Cob\u00e9a, La Cagouille, Il Gallo Nero, Aux Enfants g\u00e2t\u00e9s, Le cornichon, Josselin, Augustin, L\u2019essentiel.[\/vc_column_text][\/vc_column_inner][\/vc_row_inner][\/vc_column][\/vc_row]\n","protected":false},"excerpt":{"rendered":"<p>[vc_row bg_gradient_direction=&#8221;0&#8243; thb_divider_position=&#8221;bottom&#8221; css=&#8221;.vc_custom_1720545416317{background: #000000 url(https:\/\/www.hotel-apollon-montparnasse.paris\/wp-content\/uploads\/2024\/02\/ref.jpg?id=407) !important;background-position: center !important;background-repeat: no-repeat !important;background-size: cover !important;}&#8221; el_class=&#8221;section_top&#8221; bg_gradient1=&#8221;rgba(10,10,10,0.01)&#8221; bg_gradient2=&#8221;rgba(0,0,0,0.38)&#8221;][vc_column][vc_row_inner][vc_column_inner][vc_column_text el_class=&#8221;light titrepage&#8221;] MAP &amp; ACCESS [\/vc_column_text][\/vc_column_inner][\/vc_row_inner][vc_row_inner][vc_column_inner width=&#8221;1\/6&#8243;][\/vc_column_inner][vc_column_inner width=&#8221;2\/3&#8243;][vc_column_text el_class=&#8221;cta&hellip;<\/p>\n","protected":false},"author":1,"featured_media":0,"parent":0,"menu_order":0,"comment_status":"closed","ping_status":"closed","template":"page-default.php","meta":{"footnotes":""},"class_list":["post-1131","page","type-page","status-publish","hentry"],"_links":{"self":[{"href":"https:\/\/www.hotel-apollon-montparnasse.paris\/en\/wp-json\/wp\/v2\/pages\/1131","targetHints":{"allow":["GET"]}}],"collection":[{"href":"https:\/\/www.hotel-apollon-montparnasse.paris\/en\/wp-json\/wp\/v2\/pages"}],"about":[{"href":"https:\/\/www.hotel-apollon-montparnasse.paris\/en\/wp-json\/wp\/v2\/types\/page"}],"author":[{"embeddable":true,"href":"https:\/\/www.hotel-apollon-montparnasse.paris\/en\/wp-json\/wp\/v2\/users\/1"}],"replies":[{"embeddable":true,"href":"https:\/\/www.hotel-apollon-montparnasse.paris\/en\/wp-json\/wp\/v2\/comments?post=1131"}],"version-history":[{"count":11,"href":"https:\/\/www.hotel-apollon-montparnasse.paris\/en\/wp-json\/wp\/v2\/pages\/1131\/revisions"}],"predecessor-version":[{"id":1535,"href":"https:\/\/www.hotel-apollon-montparnasse.paris\/en\/wp-json\/wp\/v2\/pages\/1131\/revisions\/1535"}],"wp:attachment":[{"href":"https:\/\/www.hotel-apollon-montparnasse.paris\/en\/wp-json\/wp\/v2\/media?parent=1131"}],"curies":[{"name":"wp","href":"https:\/\/api.w.org\/{rel}","templated":true}]}}